{"id":11725,"date":"2017-03-28T20:57:04","date_gmt":"2017-03-28T18:57:04","guid":{"rendered":"https:\/\/feelthenature.fi\/feel-the-nature-programmes-de-nature-dans-la-nature-finlandaise-autour-dhelsinki-et-en-laponie-2-copy\/"},"modified":"2017-03-28T21:25:42","modified_gmt":"2017-03-28T19:25:42","slug":"feel-the-nature-programmes-de-nature-dans-la-nature-finlandaise-autour-dhelsinki-et-en-laponie-2-copy","status":"publish","type":"page","link":"https:\/\/feelthenature.fi\/fr\/","title":{"rendered":"Feel The Nature &#8211; Programmes de Nature dans la nature finlandaise autour d\u2019Helsinki et en Laponie."},"content":{"rendered":"<p><img loading=\"lazy\" decoding=\"async\" class=\"noborder alignleft wp-image-6436 size-full\" src=\"\/wp-content\/uploads\/2014\/12\/feel-the-nature-logosmall-green-143x59.gif\" alt=\"Feel The Nature logo\" width=\"143\" height=\"59\" data-id=\"6436\" \/><\/p>\n<p><a href=\"#Nuuksio\">Helsinki \/ Nuuksio<\/a> | <a href=\"#Lapland\">Laponie<\/a><\/p>\n<p>Feel The Nature est un tour-op\u00e9rateur finlandais sp\u00e9cialis\u00e9 dans l\u2019organisation d\u2019activit\u00e9s d\u2019une journ\u00e9e ou de s\u00e9jours dans la nature finlandaise autour d\u2019Helsinki et en Laponie.<\/p>\n<p>&nbsp;<\/p>\n<h1>Journ\u00e9es au d\u00e9part d\u2019Helsinki vers le Parc National de Nuuksio<\/h1>\n<p class=\"normal\">Le Parc National de Nuuksio est un sanctuaire naturel exceptionnel \u00e0 deux pas d\u2019Helsinki. Les activit\u00e9s comprennent le transport au d\u00e9part d\u2019Helsinki Centre et l\u2019accompagnement par des guides professionels parlant tous anglais. La dur\u00e9e est de 5 heures (transport compris).<\/p>\n<p class=\"normal\">Vous pouvez participer par groupe ou individuellement selon votre besoin. Nous pouvons aussi inclure au programme une visite d\u2019Haltia (Centre Finlandais de la Nature).<\/p>\n<p>&nbsp;<\/p>\n<h2><strong>Randonn\u00e9e dans la Nature et cueillette de baies sauvages et de champignons \u00e0 Nuuksio<\/strong><\/h2>\n<p><img loading=\"lazy\" decoding=\"async\" class=\"alignleft size-medium wp-image-5790\" src=\"\/wp-content\/uploads\/2014\/11\/IMG_1331-mustikka-closeup-300x200.jpg\" alt=\"Myrtille Nuuksio\" width=\"300\" height=\"200\" data-id=\"5790\" \/><\/p>\n<p class=\"normal\">Une randonn\u00e9e avec un guide est le meilleur moyen de d\u00e9couvrir la nature finlandaise avec ses lacs, ses for\u00eats et son air pur. De Juillet \u00e0 Octobre nous vous proposons cette randonn\u00e9e durant laquelle nous ramasserons et go\u00fbterons de d\u00e9licieuses baies sauvages ou de savoureux champignons. Puis nous ferons une pause avec boissons chaudes et snack pr\u00e8s du feu de camp. En hiver, nous chausserons les raquettes et d\u00e9couvrirons alors le fameux hiver finlandais. Marcher en toute s\u00e9curit\u00e9 sur les lacs gel\u00e9s est une experience inoubliable.<\/p>\n<p><a title=\"Nature Walks and Hiking Trips in Nuuksio National Park\" href=\"\/en\/nature-walks-and-hiking-trips-in-nuuksio-national-park\/\">Plus d\u2019infos (en anglais)<\/a><\/p>\n<p>&nbsp;<\/p>\n<h2>D\u00e9couverte de la nature en cano\u00eb au Parc National de Nuuksio<\/h2>\n<p><img loading=\"lazy\" decoding=\"async\" class=\"alignleft wp-image-3810\" src=\"\/wp-content\/uploads\/2013\/05\/Wilderness-Canoeing-Adventure-in-Nuuksio-National-Park-2-800-300x199.jpg\" alt=\"Wilderness Canoeing Adventure in Nuuksio National Park, foto: Outdoors Finland Etel\u00e4\" width=\"258\" height=\"171\" data-id=\"3810\" \/>Une ballade relaxante en cano\u00eb pour d\u00e9couvrir les magnifiques paysages de lacs et de for\u00eats dans la paix du Parc National de Nuuksio. Puis nous patagerons un snack et des boissons chaudes avant de peut-\u00eatre aller nager dans le lac. Niveau d\u00e9butants.<\/p>\n<p><a title=\"Wilderness Canoeing Adventure in Nuuksio\" href=\"\/en\/wilderness-canoeing-adventure-in-nuuksio\/\">Plus d\u2019infos (en anglais)<\/a><\/p>\n<p>&nbsp;<\/p>\n<h2>Sauna au bord du lac de Nuuksio, une experience inoubliable.<\/h2>\n<p><img loading=\"lazy\" decoding=\"async\" class=\"alignleft wp-image-3311\" src=\"\/wp-content\/uploads\/2013\/12\/DSC_5537-sauna-ikkuna-600-300x198.jpeg\" alt=\"Finnish sauna by the lake\" width=\"257\" height=\"170\" data-id=\"3311\" \/><\/p>\n<p>Nous allumerons le sauna ensemble et vous d\u00e9couvrirez une des pierres angulaires de la culture scandinave. Une tranche de vie estivale typiquement finlandaise, gl\u00e2ner autour du lac, faire un tour en barque ou en kayak avant de go\u00fbter \u00e0 la douce chaleur du sauna et, tradition oblige, une petite baignade dans le lac ! Apr\u00e8s le sauna, d\u00e9tente autour du feu de camp et grillades compl\u00e8teront cette belle experience nordique.<\/p>\n<p><a title=\" Finnish Lakeside Sauna Experience in Nuuksio National Park\" href=\"\/en\/finnish-lakeside-sauna-experience-by-nuuksio-national-park\/\">Plus d\u2019infos (en anglais) <\/a><\/p>\n<p>&nbsp;<\/p>\n<h1 id=\"Lapland\">Cap sur la Laponie au Parc National de Pallas-Yll\u00e4stunturi<\/h1>\n<p>Le th\u00e9atre magique de la Nature en Laponie. Les activit\u00e9s au programme nous embarque dans le grandiose Parc Naturel de Pallas-Yll\u00e4stunturi, vous d\u00e9couvrirez la toundra lapone au paysage intact et pr\u00e9serv\u00e9 ainsi que la s\u00e9rennit\u00e9 de ses for\u00eats l\u00e9gendaires.<\/p>\n<h2>Ski et Randonn\u00e9e en raquettes au Pays des Merveilles Laponaises<\/h2>\n<p><img loading=\"lazy\" decoding=\"async\" class=\"alignleft size-medium wp-image-6490\" src=\"\/wp-content\/uploads\/2014\/05\/IMG_4024-skiing-in-forests-300x200.jpg\" alt=\"Ski Tour in Lapland\" width=\"300\" height=\"200\" data-id=\"6490\" \/>\u00a0Au c\u0153ur de l\u2019hiver lapon, des arbres couvert de neige et les couleurs spectaculaires des aurores bor\u00e9ales sont le th\u00e9atre d\u2019une beaut\u00e9 rare. La situation du Parc National de Pallas-Yll\u00e4stunturi est id\u00e9ale pour les contempler. Quand vient la fin de la saison hivernale, les longs jours ensoleill\u00e9s et les longues pistes de ski de fond vous emm\u00e8nent \u00e0 travers des paysages enchanteurs. Les \u201cm\u00f6kki\u201d sont de petites maisons scandinaves en bois aux ar\u00eates blanches et la randonn\u00e9e nous conduit de l\u2019un \u00e0 l\u2019autre \u00e0 un rythme tranquille Apr\u00e8s une journ\u00e9e active nous profiterons d\u2019un sauna revigorant et d\u2019un succulent d\u00eener.<\/p>\n<p>Plus d\u2019infos sur le programme (en anglais) :<\/p>\n<ul>\n<li><a title=\" Ski Tour Week Rauhala-Pallas-Hetta 150 km\" href=\"\/en\/ski-tour-week-rauhala-pallas-hetta-150-km\/\">Ski Tour Rauhala-Palla-Hetta, S\u00e9jour d\u2019une semaine, 150km<\/a>.<\/li>\n<li><a title=\" Ski Tour Week Yll\u00e4s-Pallas-Hetta 250 km\" href=\"\/en\/ski-tour-week-yllas-pallas-hetta-250-km\/\">Ski Tour Yll\u00e4s-Pallas-Hetta, S\u00e9jour d\u2019une semaine, 250km<\/a>.<\/li>\n<li><a title=\"Midwinter Ski Tour in Pallas-Yll\u00e4stunturi National Park\" href=\"\/en\/midwinter-ski-tour-in-pallas-yllastunturi-national-park\/\">Ski Tour \u201cAu c\u0153ur de l\u2019Hiver\u201d Pallas-Yll\u00e4stunturi, S\u00e9jour d\u2019une semaine.<\/a><\/li>\n<li><a title=\" Snowshoe Tour Week in Lapland \" href=\"\/en\/snowshoe-tour-week-in-lapland-in-the-land-of-the-northern-lights\/\">Randonn\u00e9e en raquettes en Laponie, Au Pays des Aurores Bor\u00e9ales, S\u00e9jour d\u2019une semaine.<\/a><\/li>\n<\/ul>\n<p>&nbsp;<\/p>\n<h2>\u00c9t\u00e9 et Automne m\u00e9morable en Laponie<\/h2>\n<p><img loading=\"lazy\" decoding=\"async\" class=\"alignleft size-medium wp-image-5917\" src=\"\/wp-content\/uploads\/2014\/11\/IMG_2364-ruskapallas-450-600x400-300x200.jpg\" alt=\"IMG_2364-ruskapallas-450-600x400\" width=\"300\" height=\"200\" data-id=\"5917\" \/><\/p>\n<p class=\"normal\">Au programme en \u00c9t\u00e9 comme \u00e0 l\u2019Automne, randonn\u00e9es, VTT ou cano\u00eb sur les lacs ou les rivi\u00e8res sauvages de Laponie. A l\u2019image de l\u2019\u00e9t\u00e9 indien, les arbres et les paysages se parent des mille couleurs flamboyantes de l\u2019Automne, \u201cruska\u201d deviennent alors les feuilles des arbres. Un spectacle \u00e9poustouflant.<\/p>\n<p>Plus d\u2019infos sur le programme (en anglais) :<\/p>\n<ul>\n<li><a title=\"Autumn Adventures in Fell Lapland\" href=\"\/en\/autumn-adventures-in-fell-lapland-canoeing-mountainbiking-and-hiking\/\">Aventures d\u2019Automne en Laponie &#8211; Cano\u00eb, VTT, Randonn\u00e9e<\/a><\/li>\n<li><a title=\"Canoeing Week in Fell Lapland\" href=\"\/en\/canoeing-week-in-fell-lapland\/\">S\u00e9jour Cano\u00eb d\u2019Automne en Laponie<\/a><\/li>\n<li><a title=\"Hiking Week in Fell Lapland\" href=\"\/en\/hiking-week-in-fell-lapland\/\">S\u00e9jour Randonn\u00e9e d\u2019Automne en Laponie<\/a><\/li>\n<li><a title=\"Activity Week in Fell Lapland \" href=\"\/en\/activity-week-in-fell-lapland-canoening-mountainbiking-and-hiking\/\">S\u00e9jour D\u00e9couverte de la Laponie &#8211; Cano\u00eb, VTT, Randonn\u00e9e<\/a><\/li>\n<\/ul>\n<p>Pour nous contacter (en anglais merci) :<\/p>\n\n<div class=\"wpcf7 no-js\" id=\"wpcf7-f705-o1\" lang=\"en-US\" dir=\"ltr\" data-wpcf7-id=\"705\">\n<div class=\"screen-reader-response\"><p role=\"status\" aria-live=\"polite\" aria-atomic=\"true\"><\/p> <ul><\/ul><\/div>\n<form action=\"\/fr\/wp-json\/wp\/v2\/pages\/11725#wpcf7-f705-o1\" method=\"post\" class=\"wpcf7-form init\" aria-label=\"Contact form\" novalidate=\"novalidate\" data-status=\"init\">\n<fieldset class=\"hidden-fields-container\"><input type=\"hidden\" name=\"_wpcf7\" value=\"705\" \/><input type=\"hidden\" name=\"_wpcf7_version\" value=\"6.1.5\" \/><input type=\"hidden\" name=\"_wpcf7_locale\" value=\"en_US\" \/><input type=\"hidden\" name=\"_wpcf7_unit_tag\" value=\"wpcf7-f705-o1\" \/><input type=\"hidden\" name=\"_wpcf7_container_post\" value=\"0\" \/><input type=\"hidden\" name=\"_wpcf7_posted_data_hash\" value=\"\" \/><input type=\"hidden\" name=\"_wpcf7dtx_version\" value=\"5.0.5\" \/><input type=\"hidden\" name=\"_wpcf7_recaptcha_response\" value=\"\" \/>\n<\/fieldset>\n<div class=\"dontprint contact-form\">\n\t<h2 id=\"ask\">Ask for more information<a class=\"back-to-top\" href=\"#top\">back to top<\/a>\n\t<\/h2>\n\t<table><span id=\"wpcf7-69e881d8a58c3-wrapper\" class=\"wpcf7-form-control-wrap additionalinfo-wrap\" style=\"display:none !important; visibility:hidden !important;\"><label for=\"wpcf7-69e881d8a58c3-field\" class=\"hp-message\">Please leave this field empty.<\/label><input id=\"wpcf7-69e881d8a58c3-field\"  class=\"wpcf7-form-control wpcf7-text\" type=\"text\" name=\"additionalinfo\" value=\"\" size=\"40\" tabindex=\"-1\" autocomplete=\"new-password\" \/><\/span>\n\t\t<tr>\n\t\t\t<td>\n\t\t\t\t<p>Name:*\n\t\t\t\t<\/p>\n\t\t\t<\/td>\n\t\t\t<td>\n\t\t\t\t<p><span class=\"wpcf7-form-control-wrap\" data-name=\"your-name\"><input size=\"40\" maxlength=\"400\" class=\"wpcf7-form-control wpcf7-text wpcf7-validates-as-required\" aria-required=\"true\" aria-invalid=\"false\" value=\"\" type=\"text\" name=\"your-name\" \/><\/span>\n\t\t\t\t<\/p>\n\t\t\t<\/td>\n\t\t<\/tr>\n\t\t<tr>\n\t\t\t<td>\n\t\t\t\t<p>Email:*\n\t\t\t\t<\/p>\n\t\t\t<\/td>\n\t\t\t<td>\n\t\t\t\t<p><span class=\"wpcf7-form-control-wrap\" data-name=\"your-email\"><input size=\"40\" maxlength=\"400\" class=\"wpcf7-form-control wpcf7-text wpcf7-validates-as-required\" aria-required=\"true\" aria-invalid=\"false\" value=\"\" type=\"text\" name=\"your-email\" \/><\/span>\n\t\t\t\t<\/p>\n\t\t\t<\/td>\n\t\t<\/tr>\n\t\t<tr>\n\t\t\t<td>\n\t\t\t\t<p>Phone:\n\t\t\t\t<\/p>\n\t\t\t<\/td>\n\t\t\t<td>\n\t\t\t\t<p><span class=\"wpcf7-form-control-wrap\" data-name=\"your-phone\"><input size=\"40\" maxlength=\"400\" class=\"wpcf7-form-control wpcf7-text\" aria-invalid=\"false\" value=\"\" type=\"text\" name=\"your-phone\" \/><\/span>\n\t\t\t\t<\/p>\n\t\t\t<\/td>\n\t\t<\/tr>\n\t\t<tr>\n\t\t\t<td colspan=\"2\">\n\t\t\t\t<p>Message: *\n\t\t\t\t<\/p>\n\t\t\t\t<p><span class=\"wpcf7-form-control-wrap\" data-name=\"your-message\"><textarea cols=\"60\" rows=\"5\" maxlength=\"2000\" class=\"wpcf7-form-control wpcf7-textarea wpcf7-validates-as-required\" aria-required=\"true\" aria-invalid=\"false\" name=\"your-message\"><\/textarea><\/span>\n\t\t\t\t<\/p>\n\t\t\t<\/td>\n\t\t<\/tr>\n\t\t<tr>\n\t\t\t<td colspan=\"2\">\n\t\t\t\t<p><input class=\"wpcf7-form-control wpcf7-submit has-spinner\" type=\"submit\" value=\"Send\" \/>\n\t\t\t\t<\/p>\n\t\t\t<\/td>\n\t\t<\/tr>\n\t<\/table>\n<span class=\"wpcf7-form-control-wrap pagetitle\" data-name=\"pagetitle\"><input type=\"hidden\" name=\"pagetitle\" class=\"wpcf7-form-control wpcf7-hidden wpcf7dtx wpcf7dtx-hidden\" aria-invalid=\"false\" value=\"Feel The Nature - Programmes de Nature dans la nature finlandaise autour d\u2019Helsinki et en Laponie.\"><\/span>\n<span class=\"wpcf7-form-control-wrap pageurl\" data-name=\"pageurl\"><input type=\"hidden\" name=\"pageurl\" class=\"wpcf7-form-control wpcf7-hidden wpcf7dtx wpcf7dtx-hidden\" aria-invalid=\"false\" value=\"https:\/\/feelthenature.fi\/fr\/wp-json\/wp\/v2\/pages\/11725\"><\/span>\n<span class=\"wpcf7-form-control-wrap language\" data-name=\"language\"><input type=\"hidden\" name=\"language\" class=\"wpcf7-form-control wpcf7-hidden wpcf7dtx wpcf7dtx-hidden\" aria-invalid=\"false\" value=\"en-US\"><\/span>\n<\/div><div class=\"wpcf7-response-output\" aria-hidden=\"true\"><\/div>\n<\/form>\n<\/div>\n\n","protected":false},"excerpt":{"rendered":"<p>Helsinki \/ Nuuksio | Laponie Feel The Nature est un tour-op\u00e9rateur finlandais sp\u00e9cialis\u00e9 dans l\u2019organisation d\u2019activit\u00e9s d\u2019une journ\u00e9e ou de s\u00e9jours dans la nature finlandaise autour d\u2019Helsinki et en Laponie. &nbsp; Journ\u00e9es au d\u00e9part d\u2019Helsinki vers le Parc National de Nuuksio Le Parc National de Nuuksio est un sanctuaire naturel exceptionnel \u00e0 deux pas d\u2019Helsinki. &hellip; <\/p>\n<p class=\"link-more\"><a href=\"https:\/\/feelthenature.fi\/fr\/\" class=\"more-link\">Continuer la lecture<span class=\"screen-reader-text\"> de &laquo;&nbsp;Feel The Nature &#8211; Programmes de Nature dans la nature finlandaise autour d\u2019Helsinki et en Laponie.&nbsp;&raquo;<\/span><\/a><a href=\"https:\/\/feelthenature.fi\/fr\/\"> Read More<\/a><\/p>\n","protected":false},"author":1,"featured_media":0,"parent":0,"menu_order":0,"comment_status":"closed","ping_status":"closed","template":"page-templates\/full-width.php","meta":{"footnotes":""},"class_list":["post-11725","page","type-page","status-publish","hentry"],"yoast_head":"<!-- This site is optimized with the Yoast SEO plugin v26.7 - https:\/\/yoast.com\/wordpress\/plugins\/seo\/ -->\n<title>Feel The Nature - Programmes de Nature dans la nature finlandaise autour d\u2019Helsinki et en Laponie. - Feel The Nature<\/title>\n<meta name=\"robots\" content=\"index, follow, max-snippet:-1, max-image-preview:large, max-video-preview:-1\" \/>\n<link rel=\"canonical\" href=\"https:\/\/feelthenature.fi\/fr\/\" \/>\n<meta property=\"og:locale\" content=\"fr_FR\" \/>\n<meta property=\"og:type\" content=\"article\" \/>\n<meta property=\"og:title\" content=\"Feel The Nature - Programmes de Nature dans la nature finlandaise autour d\u2019Helsinki et en Laponie. - Feel The Nature\" \/>\n<meta property=\"og:description\" content=\"Helsinki \/ Nuuksio | Laponie Feel The Nature est un tour-op\u00e9rateur finlandais sp\u00e9cialis\u00e9 dans l\u2019organisation d\u2019activit\u00e9s d\u2019une journ\u00e9e ou de s\u00e9jours dans la nature finlandaise autour d\u2019Helsinki et en Laponie. &nbsp; Journ\u00e9es au d\u00e9part d\u2019Helsinki vers le Parc National de Nuuksio Le Parc National de Nuuksio est un sanctuaire naturel exceptionnel \u00e0 deux pas d\u2019Helsinki. &hellip; Continuer la lecture de &laquo;&nbsp;Feel The Nature &#8211; Programmes de Nature dans la nature finlandaise autour d\u2019Helsinki et en Laponie.&nbsp;&raquo;\" \/>\n<meta property=\"og:url\" content=\"https:\/\/feelthenature.fi\/fr\/\" \/>\n<meta property=\"og:site_name\" content=\"Feel The Nature\" \/>\n<meta property=\"article:modified_time\" content=\"2017-03-28T19:25:42+00:00\" \/>\n<meta property=\"og:image\" content=\"https:\/\/feelthenature.fi\/wp-content\/uploads\/2014\/12\/feel-the-nature-logosmall-green-143x59.gif\" \/>\n<meta name=\"twitter:card\" content=\"summary_large_image\" \/>\n<meta name=\"twitter:label1\" content=\"Dur\u00e9e de lecture estim\u00e9e\" \/>\n\t<meta name=\"twitter:data1\" content=\"4 minutes\" \/>\n<script type=\"application\/ld+json\" class=\"yoast-schema-graph\">{\"@context\":\"https:\/\/schema.org\",\"@graph\":[{\"@type\":\"WebPage\",\"@id\":\"https:\/\/feelthenature.fi\/fr\/\",\"url\":\"https:\/\/feelthenature.fi\/fr\/\",\"name\":\"Feel The Nature - Programmes de Nature dans la nature finlandaise autour d\u2019Helsinki et en Laponie. - Feel The Nature\",\"isPartOf\":{\"@id\":\"https:\/\/feelthenature.fi\/en\/#website\"},\"datePublished\":\"2017-03-28T18:57:04+00:00\",\"dateModified\":\"2017-03-28T19:25:42+00:00\",\"breadcrumb\":{\"@id\":\"https:\/\/feelthenature.fi\/fr\/#breadcrumb\"},\"inLanguage\":\"fr-FR\",\"potentialAction\":[{\"@type\":\"ReadAction\",\"target\":[\"https:\/\/feelthenature.fi\/fr\/\"]}]},{\"@type\":\"BreadcrumbList\",\"@id\":\"https:\/\/feelthenature.fi\/fr\/#breadcrumb\",\"itemListElement\":[{\"@type\":\"ListItem\",\"position\":1,\"name\":\"Etusivu\",\"item\":\"https:\/\/feelthenature.fi\/fr\/\"},{\"@type\":\"ListItem\",\"position\":2,\"name\":\"Feel The Nature &#8211; Programmes de Nature dans la nature finlandaise autour d\u2019Helsinki et en Laponie.\"}]},{\"@type\":\"WebSite\",\"@id\":\"https:\/\/feelthenature.fi\/en\/#website\",\"url\":\"https:\/\/feelthenature.fi\/en\/\",\"name\":\"Feel The Nature\",\"description\":\"\",\"potentialAction\":[{\"@type\":\"SearchAction\",\"target\":{\"@type\":\"EntryPoint\",\"urlTemplate\":\"https:\/\/feelthenature.fi\/en\/?s={search_term_string}\"},\"query-input\":{\"@type\":\"PropertyValueSpecification\",\"valueRequired\":true,\"valueName\":\"search_term_string\"}}],\"inLanguage\":\"fr-FR\"}]}<\/script>\n<!-- \/ Yoast SEO plugin. -->","yoast_head_json":{"title":"Feel The Nature - Programmes de Nature dans la nature finlandaise autour d\u2019Helsinki et en Laponie. - Feel The Nature","robots":{"index":"index","follow":"follow","max-snippet":"max-snippet:-1","max-image-preview":"max-image-preview:large","max-video-preview":"max-video-preview:-1"},"canonical":"https:\/\/feelthenature.fi\/fr\/","og_locale":"fr_FR","og_type":"article","og_title":"Feel The Nature - Programmes de Nature dans la nature finlandaise autour d\u2019Helsinki et en Laponie. - Feel The Nature","og_description":"Helsinki \/ Nuuksio | Laponie Feel The Nature est un tour-op\u00e9rateur finlandais sp\u00e9cialis\u00e9 dans l\u2019organisation d\u2019activit\u00e9s d\u2019une journ\u00e9e ou de s\u00e9jours dans la nature finlandaise autour d\u2019Helsinki et en Laponie. &nbsp; Journ\u00e9es au d\u00e9part d\u2019Helsinki vers le Parc National de Nuuksio Le Parc National de Nuuksio est un sanctuaire naturel exceptionnel \u00e0 deux pas d\u2019Helsinki. &hellip; Continuer la lecture de &laquo;&nbsp;Feel The Nature &#8211; Programmes de Nature dans la nature finlandaise autour d\u2019Helsinki et en Laponie.&nbsp;&raquo;","og_url":"https:\/\/feelthenature.fi\/fr\/","og_site_name":"Feel The Nature","article_modified_time":"2017-03-28T19:25:42+00:00","og_image":[{"url":"https:\/\/feelthenature.fi\/wp-content\/uploads\/2014\/12\/feel-the-nature-logosmall-green-143x59.gif","type":"","width":"","height":""}],"twitter_card":"summary_large_image","twitter_misc":{"Dur\u00e9e de lecture estim\u00e9e":"4 minutes"},"schema":{"@context":"https:\/\/schema.org","@graph":[{"@type":"WebPage","@id":"https:\/\/feelthenature.fi\/fr\/","url":"https:\/\/feelthenature.fi\/fr\/","name":"Feel The Nature - Programmes de Nature dans la nature finlandaise autour d\u2019Helsinki et en Laponie. - Feel The Nature","isPartOf":{"@id":"https:\/\/feelthenature.fi\/en\/#website"},"datePublished":"2017-03-28T18:57:04+00:00","dateModified":"2017-03-28T19:25:42+00:00","breadcrumb":{"@id":"https:\/\/feelthenature.fi\/fr\/#breadcrumb"},"inLanguage":"fr-FR","potentialAction":[{"@type":"ReadAction","target":["https:\/\/feelthenature.fi\/fr\/"]}]},{"@type":"BreadcrumbList","@id":"https:\/\/feelthenature.fi\/fr\/#breadcrumb","itemListElement":[{"@type":"ListItem","position":1,"name":"Etusivu","item":"https:\/\/feelthenature.fi\/fr\/"},{"@type":"ListItem","position":2,"name":"Feel The Nature &#8211; Programmes de Nature dans la nature finlandaise autour d\u2019Helsinki et en Laponie."}]},{"@type":"WebSite","@id":"https:\/\/feelthenature.fi\/en\/#website","url":"https:\/\/feelthenature.fi\/en\/","name":"Feel The Nature","description":"","potentialAction":[{"@type":"SearchAction","target":{"@type":"EntryPoint","urlTemplate":"https:\/\/feelthenature.fi\/en\/?s={search_term_string}"},"query-input":{"@type":"PropertyValueSpecification","valueRequired":true,"valueName":"search_term_string"}}],"inLanguage":"fr-FR"}]}},"_links":{"self":[{"href":"https:\/\/feelthenature.fi\/fr\/wp-json\/wp\/v2\/pages\/11725","targetHints":{"allow":["GET"]}}],"collection":[{"href":"https:\/\/feelthenature.fi\/fr\/wp-json\/wp\/v2\/pages"}],"about":[{"href":"https:\/\/feelthenature.fi\/fr\/wp-json\/wp\/v2\/types\/page"}],"author":[{"embeddable":true,"href":"https:\/\/feelthenature.fi\/fr\/wp-json\/wp\/v2\/users\/1"}],"replies":[{"embeddable":true,"href":"https:\/\/feelthenature.fi\/fr\/wp-json\/wp\/v2\/comments?post=11725"}],"version-history":[{"count":0,"href":"https:\/\/feelthenature.fi\/fr\/wp-json\/wp\/v2\/pages\/11725\/revisions"}],"wp:attachment":[{"href":"https:\/\/feelthenature.fi\/fr\/wp-json\/wp\/v2\/media?parent=11725"}],"curies":[{"name":"wp","href":"https:\/\/api.w.org\/{rel}","templated":true}]}}