{"id":9650,"date":"2016-02-15T19:22:00","date_gmt":"2016-02-15T17:22:00","guid":{"rendered":"https:\/\/feelthenature.fi\/fi\/paivaretket-helsingista-2\/"},"modified":"2018-01-08T20:14:51","modified_gmt":"2018-01-08T18:14:51","slug":"paivaretket-helsingista","status":"publish","type":"page","link":"https:\/\/feelthenature.fi\/fi\/paivaretket-helsingista\/","title":{"rendered":"P\u00e4iv\u00e4retket Helsingist\u00e4 Nuuksioon"},"content":{"rendered":"<p>Tutustu my\u00f6s <a title=\"Avoimet l\u00e4hd\u00f6t\" href=\"#scheduled-starts\">avoimiin l\u00e4ht\u00f6ihin<\/a>, jossa on mukana my\u00f6s vaelluksemme ja viikko-ohjelmamme Lapissa.<\/p>\n<div class=\"section\"><div id=\"dates_sh\" class=\"sectionheader\"><a id=\"privatequote\"><\/a><h2 id=\"day-trips\">P\u00e4iv\u00e4retket Helsingist\u00e4<\/h2>Valitse p\u00e4iv\u00e4 kalenterista, niin n\u00e4et kyseisen p\u00e4iv\u00e4n kaikille avoimet p\u00e4iv\u00e4retket sek\u00e4 varattavat yksityisretket.<\/div><div class=\"sectiontext\">\\n<form name=\"quoteform\" class=\"wpcf7-form\" id=\"quoteform\" action=\"\/fi\/process-quote\/\" method=\"post\" onsubmit=\"return validateResForm('fi', '')\"><input type=\"hidden\" id=\"startDateForm\" name=\"startDate\" value=\"\"\/><script type=\"text\/javascript\" src=\"\/wp-includes\/js\/jquery\/ui\/jquery.ui.datepicker-fi.js\"><\/script><script type=\"text\/javascript\">var languageCode = 'fi';jQuery(document).ready(function() {\n\t\t\tvar languageCode = 'fi';\n\n\t\t\t\t\tdayStartsForm ('fi');\n\n\t\t\t\t\t\t\tfunction not_available(date) {\n\t\t\t\t\t\t\t     return [false,'','Unavailable'];\n                            }\n\t\t\t\t\t\t\tjQuery('#startDate').datepicker({\n    \t\t\t\t\t\t\tminDate: '+1d',\n    \t\t\t\t\t\t\tmaxDate: '+12m',\n    \t\t\t\t\t\t\tdateFormat : 'yy-mm-dd',\n    \t\t\t\t\t\t\tbeforeShowDay:  not_available ,\n    \t\t\t\t\t\t\tbuttonImage: '\/wp-content\/themes\/twentytwelve\/cal.gif',\n    \t\t\t\t\t\t\tbuttonImageOnly: true,\n    \t\t\t\t\t\t\tshowOn: 'both',\n    \t\t\t\t\t\t\tfirstDay: 1,showWeek: false, autoSize: true,\n    \t\t\t\t\t\t\tonSelect: function(selectedDate) {initStartDate(selectedDate);\n    \t\t\t\t\t\t\tdocument.getElementById('startDateForm').value = selectedDate;\n                            }\n                        });\n                });\t<\/script><div class=\"xquotediv\" id=\"basediv\"><\/div><div id=\"calendarStatus\"><b>Haetaan vapaita aikoja. Odota hetki...<\/b><\/div><div id=\"startDate\"><\/div><div class=\"xquotediv\" id=\"startlistdiv\"><\/div><\/form><script type=\"text\/javascript\">var scheduled_starts = {\"programs\":{\"12771\":{\"code\":\"NNPNWALKWINTER\",\"desc\":\"Winter and Snowshoe Hikes in Nuuksio National Park\",\"url\":\"\\\/en\\\/winter-snowshoe-hikes-nuuksio-national-park\\\/\",\"desc_en\":\"Winter and Snowshoe Hikes in Nuuksio National Park\",\"url_en\":\"\\\/en\\\/winter-snowshoe-hikes-nuuksio-national-park\\\/\",\"desc_de\":\"Winter- und Schneeschuhwanderungen im Nuuksio Nationalpark\",\"url_de\":\"\",\"desc_ja\":\"\\u30cc\\u30fc\\u30af\\u30b7\\u30aa\\u56fd\\u7acb\\u516c\\u5712 \\u2212\\u30a6\\u30a4\\u30f3\\u30bf\\u30fc\\u30cf\\u30a4\\u30ad\\u30f3\\u30b0\",\"url_ja\":\"\\\/ja\\\/%E3%83%8C%E3%83%BC%E3%82%AF%E3%82%B7%E3%82%AA%E5%9B%BD%E7%AB%8B%E5%85%AC%E5%9C%92-%E2%88%92%E3%82%A6%E3%82%A4%E3%83%B3%E3%82%BF%E3%83%BC%E3%83%8F%E3%82%A4%E3%82%AD%E3%83%B3%E3%82%B0\\\/\",\"desc_es\":\"Invierno y Senderismo con Raquetas de Nieve en el Parque Nacional de Nuuksio\",\"url_es\":\"\"},\"9770\":{\"code\":\"NNPFORAGING\",\"desc\":\"Berry and Mushroom Picking in Nuuksio National Park\",\"url\":\"\\\/en\\\/berry-picking-and-mushroom-hunting-in-nuuksio-national-park\\\/\",\"desc_en\":\"Berry and Mushroom Picking in Nuuksio National Park\",\"url_en\":\"\\\/en\\\/berry-picking-and-mushroom-hunting-in-nuuksio-national-park\\\/\",\"desc_ja\":\"\\u30cc\\u30fc\\u30af\\u30b7\\u30aa\\u56fd\\u7acb\\u516c\\u5712\\u3067\\u30ad\\u30ce\\u30b3\\u72e9\\u308a\\uff06\\u30d9\\u30ea\\u30fc\\u6458\\u307f\\u30c4\\u30a2\\u30fc\",\"url_ja\":\"\\\/ja\\\/\\u30cc\\u30fc\\u30af\\u30b7\\u30aa\\u56fd\\u7acb\\u516c\\u5712\\u3067\\u30ad\\u30ce\\u30b3\\u72e9\\u308a\\uff06\\u30d9\\u30ea\\u30fc\\u6458\\u307f\\u30c4\\\/\"},\"18682\":{\"code\":\"NNPFORAGING2020\",\"desc\":\"Berry and Mushroom Picking in Nuuksio National Park &#8211; 2021\",\"url\":\"\\\/en\\\/berry-picking-and-mushroom-hunting-in-nuuksio-national-park\\\/\",\"desc_en\":\"Berry and Mushroom Picking in Nuuksio National Park &#8211; 2021\",\"url_en\":\"\\\/en\\\/berry-picking-and-mushroom-hunting-in-nuuksio-national-park\\\/\",\"desc_fi\":\"Marja- ja sieniretki Nuuksion kansallispuistossa 2020\",\"url_fi\":\"\"}},\"starts\":[]};\r\nvar basePrograms = [{\"this_is\":\"program\",\"code\":\"nnpcanoerental\",\"sku\":\"nnpcanoerental\",\"packageType\":\"GEARRENTAL\",\"duration\":\"PT2H\",\"maxGroupSize\":9,\"unit_name\":\"canoe\",\"unit_name_plu\":\"canoes\",\"name\":{\"en\":\"Canoeing rental in Nuuksio, self-serv\\u00edce rental\"},\"url\":{\"en\":\"\\\/en\\\/nuuksio-canoe-rental\"},\"startFrom\":\"Nuuksio\",\"durationExtension\":\"PT1H\",\"maxDurationExtensions\":8,\"allocationCodes\":[\"nnpcanoerental\"],\"availabilityGroup\":\"nnpcanoerental_resources\",\"seasons\":[{\"start\":\"2020-06-01\",\"end\":\"2029-09-30\"}],\"bookBefore\":\"PT2H\",\"flexibelStart\":false,\"useAllocationSizeAndPrice\":true,\"defaultVat\":25.5,\"duration_s\":7200},{\"code\":\"nuuksio_foraging\",\"sku\":\"NNPFORAGING\",\"duration\":\"PT5H\",\"maxGroupSize\":8,\"name\":{\"en\":\"Berry and mushroom picking in Nuuksio National Park\",\"fi\":\"Marja- ja sieniretki Nuuksion kansallispuistossa\",\"ja\":\"\\u30cc\\u30fc\\u30af\\u30b7\\u30aa\\u56fd\\u7acb\\u516c\\u5712\\u3067\\u30ad\\u30ce\\u30b3\\u72e9\\u308a\\uff06\\u30d9\\u30ea\\u30fc\\u6458\\u307f\\u30c4\\u30a2\\u30fc (\\u82f1\\u8a9e\\u30ac\\u30a4\\u30c9)\"},\"url\":{\"en\":\"\\\/en\\\/berry-picking-and-mushroom-hunting-in-nuuksio-national-park\\\/\",\"fi\":\"\\\/fi\\\/marja-ja-sieniretket-nuuksiossa\\\/\",\"ja\":\"\\\/ja\\\/%e3%83%8c%e3%83%bc%e3%82%af%e3%82%b7%e3%82%aa%e5%9b%bd%e7%ab%8b%e5%85%ac%e5%9c%92%e3%81%a7%e3%82%ad%e3%83%8e%e3%82%b3%e7%8b%a9%e3%82%8a%ef%bc%86%e3%83%99%e3%83%aa%e3%83%bc%e6%91%98%e3%81%bf%e3%83%84\\\/\"},\"startFrom\":\"Helsinki\",\"included\":[\"nuuksio_foraging\"],\"optional\":[\"soupmealfire\",\"optnuuksioreindeer\",\"pickairport\",\"dropairport\"],\"allocationCodes\":[\"transportguide\"],\"seasons\":[{\"start\":\"2018-07-01\",\"end\":\"2018-11-10\"},{\"start\":\"2021-07-10\",\"end\":\"2021-11-10\"},{\"start\":\"2023-07-10\",\"end\":\"2023-11-10\"}],\"bookBefore\":\"P1DT2H\",\"flexibelStart\":false,\"useAllocationSizeAndPrice\":false,\"defaultVat\":14,\"duration_s\":18000},{\"code\":\"nuuksio_foraging2020\",\"sku\":\"NNPFORAGING2020\",\"duration\":\"PT4H30M\",\"maxGroupSize\":10,\"name\":{\"en\":\"Berry and mushroom picking in Nuuksio National Park\",\"fi\":\"Marja- ja sieniretki Nuuksion kansallispuistossa\",\"ja\":\"\\u30cc\\u30fc\\u30af\\u30b7\\u30aa\\u56fd\\u7acb\\u516c\\u5712\\u3067\\u30ad\\u30ce\\u30b3\\u72e9\\u308a\\uff06\\u30d9\\u30ea\\u30fc\\u6458\\u307f\\u30c4\\u30a2\\u30fc (\\u82f1\\u8a9e\\u30ac\\u30a4\\u30c9)\"},\"url\":{\"en\":\"\\\/en\\\/berry-picking-and-mushroom-hunting-in-nuuksio-national-park\\\/\",\"fi\":\"\\\/fi\\\/marja-ja-sieniretket-nuuksiossa\\\/\",\"ja\":\"\\\/ja\\\/%e3%83%8c%e3%83%bc%e3%82%af%e3%82%b7%e3%82%aa%e5%9b%bd%e7%ab%8b%e5%85%ac%e5%9c%92%e3%81%a7%e3%82%ad%e3%83%8e%e3%82%b3%e7%8b%a9%e3%82%8a%ef%bc%86%e3%83%99%e3%83%aa%e3%83%bc%e6%91%98%e3%81%bf%e3%83%84\\\/\"},\"startFrom\":\"Helsinki\",\"included\":[\"nuuksio_foraging2020\"],\"optional\":[\"extended1h\",\"optnuuksioreindeer\",\"transferhelsinki\",\"pickairport\"],\"allocationCodes\":[\"transportguide\"],\"seasons\":[{\"start\":\"2025-07-10\",\"end\":\"2025-11-10\"}],\"bookBefore\":\"P1DT2H\",\"flexibelStart\":false,\"useAllocationSizeAndPrice\":false,\"defaultVat\":14,\"duration_s\":16200},{\"code\":\"nuuksio_long_hike\",\"sku\":\"NNPNWALK\",\"duration\":\"PT6H\",\"maxGroupSize\":8,\"name\":{\"en\":\"Ten Lakes Hike in Nuuksio National Park\",\"fi\":\"Kymmenen j\\u00e4rven patikkaretki Nuuksion kansallispuistossa\"},\"url\":{\"en\":\"\\\/en\\\/ten-lakes-hike-in-nuuksio-national-park\\\/\",\"fi\":\"\\\/en\\\/ten-lakes-hike-in-nuuksio-national-park\\\/\"},\"startFrom\":\"Helsinki\",\"included\":[\"nuuksio_long_hike\"],\"optional\":[\"soupmealfire\",\"optnuuksioreindeer\",\"pickairport\",\"dropairport\"],\"allocationCodes\":[\"nuuksio_long_hike\"],\"seasons\":[{\"start\":\"2025-04-01\",\"end\":\"2025-11-30\"}],\"bookBefore\":\"P1DT2H\",\"flexibelStart\":false,\"useAllocationSizeAndPrice\":false,\"defaultVat\":14,\"duration_s\":21600},{\"code\":\"hhcottlx1n\",\"sku\":\"hhcottlx1n\",\"packageType\":\"PT\",\"deposit\":{\"minDeposit\":500,\"minDepositPercentage\":10,\"minDaysToStart\":20},\"duration\":\"PT22H\",\"maxGroupSize\":14,\"name\":{\"en\":\"Night in a Lakeside Luxury Villa by Nuuksio National Park\",\"fi\":\"Y\\u00f6 kelom\\u00f6kissa Nuuksiossa\"},\"url\":{\"en\":\"\\\/en\\\/night-in-a-lakeside-luxury-villa-by-nuuksio-national-park\\\/\",\"fi\":\"\\\/en\\\/night-in-a-lakeside-luxury-villa-by-nuuksio-national-park\\\/\"},\"startFrom\":\"Helsinki\",\"included\":[\"hhcottlx1n\",\"hhservice1n\",\"hhlinen\",\"hhtransport\"],\"allocationCodes\":[\"hhjuhani1n\",\"hhtaavetti1n\",\"hhmaria1n\",\"hhtama1n\",\"hhtamaju1n\",\"hhmaju1n\"],\"seasons\":[{\"start\":\"2000-01-01\",\"end\":\"2019-04-01\"}],\"bookBefore\":\"P5D\",\"flexibelStart\":false,\"useAllocationSizeAndPrice\":true,\"defaultVat\":0,\"duration_s\":79200},{\"code\":\"nuuksioreindeer\",\"sku\":\"NNPNWALKRND\",\"duration\":\"PT5H\",\"maxGroupSize\":8,\"name\":{\"en\":\"Hiking Trip and Visit to a Reindeer Park in Nuuksio National Park\",\"fi\":\"Patikkaretki ja vierailu poropuistossa Nuuksiossa\"},\"url\":{\"en\":\"\\\/en\\\/winter-hiking-and-visit-to-a-reindeer-park-in-nuuksio-national-park\\\/\",\"fi\":\"\\\/en\\\/winter-hiking-and-visit-to-a-reindeer-park-in-nuuksio-national-park\\\/\"},\"startFrom\":\"Helsinki\",\"included\":[\"nuuksioreindeer\"],\"optional\":[\"extended1h\",\"pickairport\",\"dropairport\"],\"allocationCodes\":[\"vanguidereindeerday\"],\"seasons\":[{\"start\":\"2000-01-01\",\"end\":\"2099-12-31\"}],\"bookBefore\":\"P1DT16H\",\"flexibelStart\":false,\"defaultVat\":14,\"duration_s\":18000},{\"code\":\"nuuksiohike\",\"sku\":\"NNPNWALK\",\"duration\":\"PT4H30M\",\"maxGroupSize\":16,\"name\":{\"en\":\"Hiking trip in Nuuksio \",\"fi\":\"Patikkaretki Nuuksioon \"},\"url\":{\"en\":\"\\\/en\\\/finnish-lakes-forests-hiking-tour-nuuksio-national-park\\\/\",\"fi\":\"\\\/fi\\\/patikkaretket-ja-teemalliset-luontoretket-nuuksion-kansallispuistossa\\\/\"},\"startFrom\":\"Helsinki\",\"included\":[\"nuuksiohike\"],\"optional\":[\"extended1h\",\"extended2h\",\"optnuuksioreindeer\",\"transferhelsinki\"],\"allocationCodes\":[\"transportguide\"],\"seasons\":[{\"start\":\"2025-04-01\",\"end\":\"2025-11-30\"}],\"bookBefore\":\"PT16H\",\"flexibelStart\":false,\"defaultVat\":14,\"duration_s\":16200},{\"code\":\"snowshoe\",\"sku\":\"NNPNWALKWINTER\",\"duration\":\"PT5H\",\"maxGroupSize\":8,\"name\":{\"en\":\"Winter Hike \\\/ Snowshoe Safari in Nuuksio National Park\",\"fi\":\"Lumikenk\\u00e4-\\\/talviretki Nuuksion kansallispuistossa\",\"de\":\"Winter- und Schneeschuhwanderungen im Nuuksio Nationalpark\",\"es\":\"Senderismo en invierno en el Parque Nacional de Nuuksio\",\"ja\":\"\\u30cc\\u30fc\\u30af\\u30b7\\u30aa\\u56fd\\u7acb\\u516c\\u5712 \\u2212\\u30a6\\u30a4\\u30f3\\u30bf\\u30fc\\u30cf\\u30a4\\u30ad\\u30f3\\u30b0\"},\"url\":{\"en\":\"\\\/en\\\/winter-snowshoe-hikes-nuuksio-national-park\\\/\",\"fi\":\"\\\/fi\\\/lumikenkaretki-nuuksion-kansallispuistossa\\\/\",\"de\":\"\\\/de\\\/winter-und-schneeschuhwanderungen-im-nuuksio-nationalpark\",\"ja\":\"\\\/ja\\\/%E3%83%8C%E3%83%BC%E3%82%AF%E3%82%B7%E3%82%AA%E5%9B%BD%E7%AB%8B%E5%85%AC%E5%9C%92-%E2%88%92%E3%82%A6%E3%82%A4%E3%83%B3%E3%82%BF%E3%83%BC%E3%83%8F%E3%82%A4%E3%82%AD%E3%83%B3%E3%82%B0\\\/\"},\"startFrom\":\"Helsinki\",\"included\":[\"snowshoe\"],\"optional\":[\"optnuuksioreindeer\",\"pickairport\",\"dropairport\",\"extended1h\"],\"allocationCodes\":[\"transportguide\"],\"allocationCodes_EK\":[\"naturevanguide\"],\"seasons\":[{\"start\":\"2024-12-15\",\"end\":\"2025-03-31\"}],\"bookBefore\":\"P3DT2H\",\"flexibelStart\":false,\"defaultVat\":14,\"duration_s\":18000},{\"code\":\"canoeingnwl\",\"sku\":\"NNPWCAN\",\"duration\":\"PT5H\",\"maxGroupSize\":8,\"name\":{\"en\":\"Wilderness Canoeing Adventure in Nuuksio National Park\",\"fi\":\"Er\\u00e4melontaseikkailu intiaanikanooteilla Nuuksiossa\",\"de\":\"Kanuabenteuer in finnischer Natur im Nuuksio Nationalpark\",\"ja\":\"\\u30cc\\u30fc\\u30af\\u30b7\\u30aa\\u56fd\\u7acb\\u516c\\u5712\\u3067\\u30ab\\u30cc\\u30fc\\u30a2\\u30c9\\u30d9\\u30f3\\u30c1\\u30e3\\u30fc\\u30c4\\u30a2\\u30fc (\\u82f1\\u8a9e\\u30ac\\u30a4\\u30c9)\"},\"url\":{\"en\":\"\\\/en\\\/wilderness-canoeing-adventure-in-nuuksio\\\/\",\"fi\":\"\\\/fi\\\/eramelontaa-intiaanikanooteilla-nuuksiossa\\\/\",\"de\":\"\\\/de\\\/finnland-aktiv-kanuabenteuer-in-finnischer-natur\\\/\",\"ja\":\"\\\/ja\\\/\\u30cc\\u30fc\\u30af\\u30b7\\u30aa\\u56fd\\u7acb\\u516c\\u5712\\u3067\\u30ab\\u30cc\\u30fc\\u30a2\\u30c9\\u30d9\\u30f3\\u30c1\\u30e3\\u30fc\\u30c4\\u30a2\\\/\"},\"startFrom\":\"Helsinki\",\"priceFromPax\":88,\"included\":[\"canoeingnwl\"],\"optional\":[\"extended1h\",\"optnuuksioreindeer\",\"pickairport\",\"dropairport\",\"soupmealfire\",\"tentsaunacan\",\"extended2h\"],\"allocationCodes\":[\"canoeing\"],\"seasons\":[{\"start\":\"2019-04-27\",\"end\":\"2019-10-21\"}],\"bookBefore_\":\"P1DT2H\",\"bookBefore\":\"PT18H\",\"flexibelStart\":false,\"defaultVat\":14,\"duration_s\":18000},{\"code\":\"canoeingnwl2020\",\"sku\":\"NNPWCAN2020\",\"duration\":\"PT5H\",\"maxGroupSize\":8,\"name\":{\"en\":\"Wilderness Canoeing Adventure in Nuuksio National Park\",\"fi\":\"Er\\u00e4melontaseikkailu intiaanikanooteilla Nuuksiossa\",\"de\":\"Kanuabenteuer in finnischer Natur im Nuuksio Nationalpark\",\"ja\":\"\\u30cc\\u30fc\\u30af\\u30b7\\u30aa\\u56fd\\u7acb\\u516c\\u5712\\u3067\\u30ab\\u30cc\\u30fc\\u30a2\\u30c9\\u30d9\\u30f3\\u30c1\\u30e3\\u30fc\\u30c4\\u30a2\\u30fc (\\u82f1\\u8a9e\\u30ac\\u30a4\\u30c9)\"},\"url\":{\"en\":\"\\\/en\\\/wilderness-canoeing-adventure-in-nuuksio\\\/\",\"fi\":\"\\\/fi\\\/eramelontaa-intiaanikanooteilla-nuuksiossa\\\/\",\"de\":\"\\\/de\\\/finnland-aktiv-kanuabenteuer-in-finnischer-natur\\\/\",\"ja\":\"\\\/ja\\\/\\u30cc\\u30fc\\u30af\\u30b7\\u30aa\\u56fd\\u7acb\\u516c\\u5712\\u3067\\u30ab\\u30cc\\u30fc\\u30a2\\u30c9\\u30d9\\u30f3\\u30c1\\u30e3\\u30fc\\u30c4\\u30a2\\\/\"},\"startFrom\":\"Helsinki\",\"priceFromPax\":93,\"included\":[\"canoeingnwl2020\"],\"optional\":[\"extended1h\",\"extended2h\",\"optnuuksioreindeer\",\"transferhelsinki\"],\"allocationCodes\":[\"canoeing2020\"],\"availabilityGroup\":\"canoetourkj\",\"seasons\":[{\"start\":\"2026-05-10\",\"end\":\"2026-10-18\"}],\"bookBefore_\":\"P1DT2H\",\"bookBefore\":\"PT18H\",\"flexibelStart\":false,\"defaultVat\":14,\"duration_s\":18000}];\r\n <\/script><\/div><\/div>\n<div><a href=\"http:\/\/www.tripadvisor.fi\/HotelsNear-g189934-d4322228-Feel_The_Nature-Helsinki_Southern_Finland.html\"><img loading=\"lazy\" decoding=\"async\" class=\"alignleft size-full wp-image-7198\" src=\"\/wp-content\/uploads\/2014\/03\/TA-White-logo.jpg\" alt=\"TA-White-logo\" width=\"64\" height=\"64\" data-id=\"7198\" \/>TripAdvisorista l\u00f6yd\u00e4t majoitusvinkkej\u00e4 l\u00e4helt\u00e4 l\u00e4ht\u00f6paikkaamme Helsingiss\u00e4.<\/a><\/div>\n\n<div class=\"wpcf7 no-js\" id=\"wpcf7-f706-o1\" lang=\"en-US\" dir=\"ltr\" data-wpcf7-id=\"706\">\n<div class=\"screen-reader-response\"><p role=\"status\" aria-live=\"polite\" aria-atomic=\"true\"><\/p> <ul><\/ul><\/div>\n<form action=\"\/fi\/wp-json\/wp\/v2\/pages\/9650#wpcf7-f706-o1\" method=\"post\" class=\"wpcf7-form init\" aria-label=\"Contact form\" novalidate=\"novalidate\" data-status=\"init\">\n<fieldset class=\"hidden-fields-container\"><input type=\"hidden\" name=\"_wpcf7\" value=\"706\" \/><input type=\"hidden\" name=\"_wpcf7_version\" value=\"6.1.5\" \/><input type=\"hidden\" name=\"_wpcf7_locale\" value=\"en_US\" \/><input type=\"hidden\" name=\"_wpcf7_unit_tag\" value=\"wpcf7-f706-o1\" \/><input type=\"hidden\" name=\"_wpcf7_container_post\" value=\"0\" \/><input type=\"hidden\" name=\"_wpcf7_posted_data_hash\" value=\"\" \/><input type=\"hidden\" name=\"_wpcf7dtx_version\" value=\"5.0.5\" \/><input type=\"hidden\" name=\"_wpcf7_recaptcha_response\" value=\"\" \/>\n<\/fieldset>\n<div class=\"dontprint contact-form\">\n\t<h2 id=\"ask\">Kysy lis\u00e4tietoa tai j\u00e4t\u00e4 soittopyynt\u00f6<a class=\"back-to-top\" href=\"#top\">sivun alkuun<\/a>\n\t<\/h2>\n\t<table>\n\t\t<tr>\n\t\t\t<td>\n\t\t\t\t<p>Nimi:*\n\t\t\t\t<\/p>\n\t\t\t<\/td>\n\t\t\t<td>\n\t\t\t\t<p><span class=\"wpcf7-form-control-wrap\" data-name=\"your-name\"><input size=\"40\" maxlength=\"400\" class=\"wpcf7-form-control wpcf7-text wpcf7-validates-as-required\" aria-required=\"true\" aria-invalid=\"false\" value=\"\" type=\"text\" name=\"your-name\" \/><\/span>\n\t\t\t\t<\/p>\n\t\t\t<\/td>\n\t\t<\/tr>\n\t\t<tr>\n\t\t\t<td>\n\t\t\t\t<p>S\u00e4hk\u00f6posti:*\n\t\t\t\t<\/p>\n\t\t\t<\/td>\n\t\t\t<td>\n\t\t\t\t<p><span class=\"wpcf7-form-control-wrap\" data-name=\"your-email\"><input size=\"40\" maxlength=\"400\" class=\"wpcf7-form-control wpcf7-text wpcf7-validates-as-required\" aria-required=\"true\" aria-invalid=\"false\" value=\"\" type=\"text\" name=\"your-email\" \/><\/span>\n\t\t\t\t<\/p>\n\t\t\t<\/td>\n\t\t<\/tr>\n\t\t<tr>\n\t\t\t<td>\n\t\t\t\t<p>Puhelin:\n\t\t\t\t<\/p>\n\t\t\t<\/td>\n\t\t\t<td>\n\t\t\t\t<p><span class=\"wpcf7-form-control-wrap\" data-name=\"your-phone\"><input size=\"40\" maxlength=\"400\" class=\"wpcf7-form-control wpcf7-text\" aria-invalid=\"false\" value=\"\" type=\"text\" name=\"your-phone\" \/><\/span>\n\t\t\t\t<\/p>\n\t\t\t<\/td>\n\t\t<\/tr>\n\t\t<tr>\n\t\t\t<td colspan=\"2\">\n\t\t\t\t<p>Viesti: *\n\t\t\t\t<\/p>\n\t\t\t\t<p><span class=\"wpcf7-form-control-wrap\" data-name=\"your-message\"><textarea cols=\"60\" rows=\"5\" maxlength=\"2000\" class=\"wpcf7-form-control wpcf7-textarea wpcf7-validates-as-required\" aria-required=\"true\" aria-invalid=\"false\" name=\"your-message\"><\/textarea><\/span>\n\t\t\t\t<\/p>\n\t\t\t<\/td>\n\t\t<\/tr>\n\t\t<tr>\n\t\t\t<td colspan=\"2\">\n\t\t\t\t<p><input class=\"wpcf7-form-control wpcf7-submit has-spinner\" type=\"submit\" value=\"L\u00e4het\u00e4\" \/>\n\t\t\t\t<\/p>\n\t\t\t<\/td>\n\t\t<\/tr>\n\t<\/table>\n<span class=\"wpcf7-form-control-wrap pagetitle\" data-name=\"pagetitle\"><input type=\"hidden\" name=\"pagetitle\" class=\"wpcf7-form-control wpcf7-hidden wpcf7dtx wpcf7dtx-hidden\" aria-invalid=\"false\" value=\"P\u00e4iv\u00e4retket Helsingist\u00e4 Nuuksioon\"><\/span>\n<span class=\"wpcf7-form-control-wrap pageurl\" data-name=\"pageurl\"><input type=\"hidden\" name=\"pageurl\" class=\"wpcf7-form-control wpcf7-hidden wpcf7dtx wpcf7dtx-hidden\" aria-invalid=\"false\" value=\"https:\/\/feelthenature.fi\/fi\/wp-json\/wp\/v2\/pages\/9650\"><\/span>\n<span class=\"wpcf7-form-control-wrap language\" data-name=\"language\"><input type=\"hidden\" name=\"language\" class=\"wpcf7-form-control wpcf7-hidden wpcf7dtx wpcf7dtx-hidden\" aria-invalid=\"false\" value=\"en-US\"><\/span>\n<\/div><div class=\"wpcf7-response-output\" aria-hidden=\"true\"><\/div>\n<\/form>\n<\/div>\n\n","protected":false},"excerpt":{"rendered":"<p>Tutustu my\u00f6s avoimiin l\u00e4ht\u00f6ihin, jossa on mukana my\u00f6s vaelluksemme ja viikko-ohjelmamme Lapissa. TripAdvisorista l\u00f6yd\u00e4t majoitusvinkkej\u00e4 l\u00e4helt\u00e4 l\u00e4ht\u00f6paikkaamme Helsingiss\u00e4.<a href=\"https:\/\/feelthenature.fi\/fi\/paivaretket-helsingista\/\"> Lue lis\u00e4\u00e4<\/a><\/p>\n","protected":false},"author":1,"featured_media":0,"parent":0,"menu_order":0,"comment_status":"closed","ping_status":"closed","template":"full-width.php","meta":{"footnotes":""},"class_list":["post-9650","page","type-page","status-publish","hentry"],"yoast_head":"<!-- This site is optimized with the Yoast SEO plugin v26.7 - https:\/\/yoast.com\/wordpress\/plugins\/seo\/ -->\n<title>P\u00e4iv\u00e4retket Helsingist\u00e4 Nuuksioon - Feel The Nature<\/title>\n<meta name=\"robots\" content=\"index, follow, max-snippet:-1, max-image-preview:large, max-video-preview:-1\" \/>\n<link rel=\"canonical\" href=\"https:\/\/feelthenature.fi\/fi\/paivaretket-helsingista\/\" \/>\n<meta property=\"og:locale\" content=\"fi_FI\" \/>\n<meta property=\"og:type\" content=\"article\" \/>\n<meta property=\"og:title\" content=\"P\u00e4iv\u00e4retket Helsingist\u00e4 Nuuksioon - Feel The Nature\" \/>\n<meta property=\"og:description\" content=\"Tutustu my\u00f6s avoimiin l\u00e4ht\u00f6ihin, jossa on mukana my\u00f6s vaelluksemme ja viikko-ohjelmamme Lapissa. TripAdvisorista l\u00f6yd\u00e4t majoitusvinkkej\u00e4 l\u00e4helt\u00e4 l\u00e4ht\u00f6paikkaamme Helsingiss\u00e4.\" \/>\n<meta property=\"og:url\" content=\"https:\/\/feelthenature.fi\/fi\/paivaretket-helsingista\/\" \/>\n<meta property=\"og:site_name\" content=\"Feel The Nature\" \/>\n<meta property=\"article:modified_time\" content=\"2018-01-08T18:14:51+00:00\" \/>\n<meta property=\"og:image\" content=\"https:\/\/feelthenature.fi\/wp-content\/uploads\/2014\/03\/TA-White-logo.jpg\" \/>\n<meta name=\"twitter:card\" content=\"summary_large_image\" \/>\n<script type=\"application\/ld+json\" class=\"yoast-schema-graph\">{\"@context\":\"https:\/\/schema.org\",\"@graph\":[{\"@type\":\"WebPage\",\"@id\":\"https:\/\/feelthenature.fi\/fi\/paivaretket-helsingista\/\",\"url\":\"https:\/\/feelthenature.fi\/fi\/paivaretket-helsingista\/\",\"name\":\"P\u00e4iv\u00e4retket Helsingist\u00e4 Nuuksioon - Feel The Nature\",\"isPartOf\":{\"@id\":\"https:\/\/feelthenature.fi\/en\/#website\"},\"datePublished\":\"2016-02-15T17:22:00+00:00\",\"dateModified\":\"2018-01-08T18:14:51+00:00\",\"breadcrumb\":{\"@id\":\"https:\/\/feelthenature.fi\/fi\/paivaretket-helsingista\/#breadcrumb\"},\"inLanguage\":\"fi\",\"potentialAction\":[{\"@type\":\"ReadAction\",\"target\":[\"https:\/\/feelthenature.fi\/fi\/paivaretket-helsingista\/\"]}]},{\"@type\":\"BreadcrumbList\",\"@id\":\"https:\/\/feelthenature.fi\/fi\/paivaretket-helsingista\/#breadcrumb\",\"itemListElement\":[{\"@type\":\"ListItem\",\"position\":1,\"name\":\"Etusivu\",\"item\":\"https:\/\/feelthenature.fi\/fi\/\"},{\"@type\":\"ListItem\",\"position\":2,\"name\":\"P\u00e4iv\u00e4retket Helsingist\u00e4 Nuuksioon\"}]},{\"@type\":\"WebSite\",\"@id\":\"https:\/\/feelthenature.fi\/en\/#website\",\"url\":\"https:\/\/feelthenature.fi\/en\/\",\"name\":\"Feel The Nature\",\"description\":\"\",\"potentialAction\":[{\"@type\":\"SearchAction\",\"target\":{\"@type\":\"EntryPoint\",\"urlTemplate\":\"https:\/\/feelthenature.fi\/en\/?s={search_term_string}\"},\"query-input\":{\"@type\":\"PropertyValueSpecification\",\"valueRequired\":true,\"valueName\":\"search_term_string\"}}],\"inLanguage\":\"fi\"}]}<\/script>\n<!-- \/ Yoast SEO plugin. -->","yoast_head_json":{"title":"P\u00e4iv\u00e4retket Helsingist\u00e4 Nuuksioon - Feel The Nature","robots":{"index":"index","follow":"follow","max-snippet":"max-snippet:-1","max-image-preview":"max-image-preview:large","max-video-preview":"max-video-preview:-1"},"canonical":"https:\/\/feelthenature.fi\/fi\/paivaretket-helsingista\/","og_locale":"fi_FI","og_type":"article","og_title":"P\u00e4iv\u00e4retket Helsingist\u00e4 Nuuksioon - Feel The Nature","og_description":"Tutustu my\u00f6s avoimiin l\u00e4ht\u00f6ihin, jossa on mukana my\u00f6s vaelluksemme ja viikko-ohjelmamme Lapissa. TripAdvisorista l\u00f6yd\u00e4t majoitusvinkkej\u00e4 l\u00e4helt\u00e4 l\u00e4ht\u00f6paikkaamme Helsingiss\u00e4.","og_url":"https:\/\/feelthenature.fi\/fi\/paivaretket-helsingista\/","og_site_name":"Feel The Nature","article_modified_time":"2018-01-08T18:14:51+00:00","og_image":[{"url":"https:\/\/feelthenature.fi\/wp-content\/uploads\/2014\/03\/TA-White-logo.jpg","type":"","width":"","height":""}],"twitter_card":"summary_large_image","schema":{"@context":"https:\/\/schema.org","@graph":[{"@type":"WebPage","@id":"https:\/\/feelthenature.fi\/fi\/paivaretket-helsingista\/","url":"https:\/\/feelthenature.fi\/fi\/paivaretket-helsingista\/","name":"P\u00e4iv\u00e4retket Helsingist\u00e4 Nuuksioon - Feel The Nature","isPartOf":{"@id":"https:\/\/feelthenature.fi\/en\/#website"},"datePublished":"2016-02-15T17:22:00+00:00","dateModified":"2018-01-08T18:14:51+00:00","breadcrumb":{"@id":"https:\/\/feelthenature.fi\/fi\/paivaretket-helsingista\/#breadcrumb"},"inLanguage":"fi","potentialAction":[{"@type":"ReadAction","target":["https:\/\/feelthenature.fi\/fi\/paivaretket-helsingista\/"]}]},{"@type":"BreadcrumbList","@id":"https:\/\/feelthenature.fi\/fi\/paivaretket-helsingista\/#breadcrumb","itemListElement":[{"@type":"ListItem","position":1,"name":"Etusivu","item":"https:\/\/feelthenature.fi\/fi\/"},{"@type":"ListItem","position":2,"name":"P\u00e4iv\u00e4retket Helsingist\u00e4 Nuuksioon"}]},{"@type":"WebSite","@id":"https:\/\/feelthenature.fi\/en\/#website","url":"https:\/\/feelthenature.fi\/en\/","name":"Feel The Nature","description":"","potentialAction":[{"@type":"SearchAction","target":{"@type":"EntryPoint","urlTemplate":"https:\/\/feelthenature.fi\/en\/?s={search_term_string}"},"query-input":{"@type":"PropertyValueSpecification","valueRequired":true,"valueName":"search_term_string"}}],"inLanguage":"fi"}]}},"_links":{"self":[{"href":"https:\/\/feelthenature.fi\/fi\/wp-json\/wp\/v2\/pages\/9650","targetHints":{"allow":["GET"]}}],"collection":[{"href":"https:\/\/feelthenature.fi\/fi\/wp-json\/wp\/v2\/pages"}],"about":[{"href":"https:\/\/feelthenature.fi\/fi\/wp-json\/wp\/v2\/types\/page"}],"author":[{"embeddable":true,"href":"https:\/\/feelthenature.fi\/fi\/wp-json\/wp\/v2\/users\/1"}],"replies":[{"embeddable":true,"href":"https:\/\/feelthenature.fi\/fi\/wp-json\/wp\/v2\/comments?post=9650"}],"version-history":[{"count":0,"href":"https:\/\/feelthenature.fi\/fi\/wp-json\/wp\/v2\/pages\/9650\/revisions"}],"wp:attachment":[{"href":"https:\/\/feelthenature.fi\/fi\/wp-json\/wp\/v2\/media?parent=9650"}],"curies":[{"name":"wp","href":"https:\/\/api.w.org\/{rel}","templated":true}]}}