{"id":9625,"date":"2016-02-14T10:39:03","date_gmt":"2016-02-14T08:39:03","guid":{"rendered":"https:\/\/feelthenature.fi\/fi\/kalenteri-2\/"},"modified":"2018-02-28T22:07:57","modified_gmt":"2018-02-28T20:07:57","slug":"kalenteri","status":"publish","type":"page","link":"https:\/\/feelthenature.fi\/fi\/kalenteri\/","title":{"rendered":"Kalenteri  &#8211; avoimet l\u00e4hd\u00f6t"},"content":{"rendered":"<p>N\u00e4ille retkille voit ilmoittautua vaikka yksin tai kaverin kanssa. Takuul\u00e4hd\u00f6iksi merkittyjen ohjelmien toteutus on jo varmistunut. Muissa l\u00e4hd\u00f6iss\u00e4 odotamme viel\u00e4 lis\u00e4\u00e4 osanottajia. Voit my\u00f6s esitt\u00e4\u00e4 omia toivomuksia retkiaikatauluun. J\u00e4rjest\u00e4mme retki\u00e4 my\u00f6s muina aikoina ryhmille tilauksesta.<\/p>\n<p>Tutustu my\u00f6s Helsingist\u00e4 Nuuksion kansallispuistoon teht\u00e4vien <a title=\"P\u00e4iv\u00e4retket Helsingist\u00e4 Nuuksioon\" href=\"\/fi\/paivaretket-helsingista\/\">p\u00e4iv\u00e4retkien kalenteriin<\/a>.<\/p>\n<\/table>\n\n<div class=\"wpcf7 no-js\" id=\"wpcf7-f706-o1\" lang=\"en-US\" dir=\"ltr\" data-wpcf7-id=\"706\">\n<div class=\"screen-reader-response\"><p role=\"status\" aria-live=\"polite\" aria-atomic=\"true\"><\/p> <ul><\/ul><\/div>\n<form action=\"\/fi\/wp-json\/wp\/v2\/pages\/9625#wpcf7-f706-o1\" method=\"post\" class=\"wpcf7-form init\" aria-label=\"Contact form\" novalidate=\"novalidate\" data-status=\"init\">\n<fieldset class=\"hidden-fields-container\"><input type=\"hidden\" name=\"_wpcf7\" value=\"706\" \/><input type=\"hidden\" name=\"_wpcf7_version\" value=\"6.1.5\" \/><input type=\"hidden\" name=\"_wpcf7_locale\" value=\"en_US\" \/><input type=\"hidden\" name=\"_wpcf7_unit_tag\" value=\"wpcf7-f706-o1\" \/><input type=\"hidden\" name=\"_wpcf7_container_post\" value=\"0\" \/><input type=\"hidden\" name=\"_wpcf7_posted_data_hash\" value=\"\" \/><input type=\"hidden\" name=\"_wpcf7dtx_version\" value=\"5.0.5\" \/><input type=\"hidden\" name=\"_wpcf7_recaptcha_response\" value=\"\" \/>\n<\/fieldset>\n<div class=\"dontprint contact-form\">\n\t<h2 id=\"ask\">Kysy lis\u00e4tietoa tai j\u00e4t\u00e4 soittopyynt\u00f6<a class=\"back-to-top\" href=\"#top\">sivun alkuun<\/a>\n\t<\/h2>\n\t<table>\n\t\t<tr>\n\t\t\t<td>\n\t\t\t\t<p>Nimi:*\n\t\t\t\t<\/p>\n\t\t\t<\/td>\n\t\t\t<td>\n\t\t\t\t<p><span class=\"wpcf7-form-control-wrap\" data-name=\"your-name\"><input size=\"40\" maxlength=\"400\" class=\"wpcf7-form-control wpcf7-text wpcf7-validates-as-required\" aria-required=\"true\" aria-invalid=\"false\" value=\"\" type=\"text\" name=\"your-name\" \/><\/span>\n\t\t\t\t<\/p>\n\t\t\t<\/td>\n\t\t<\/tr>\n\t\t<tr>\n\t\t\t<td>\n\t\t\t\t<p>S\u00e4hk\u00f6posti:*\n\t\t\t\t<\/p>\n\t\t\t<\/td>\n\t\t\t<td>\n\t\t\t\t<p><span class=\"wpcf7-form-control-wrap\" data-name=\"your-email\"><input size=\"40\" maxlength=\"400\" class=\"wpcf7-form-control wpcf7-text wpcf7-validates-as-required\" aria-required=\"true\" aria-invalid=\"false\" value=\"\" type=\"text\" name=\"your-email\" \/><\/span>\n\t\t\t\t<\/p>\n\t\t\t<\/td>\n\t\t<\/tr>\n\t\t<tr>\n\t\t\t<td>\n\t\t\t\t<p>Puhelin:\n\t\t\t\t<\/p>\n\t\t\t<\/td>\n\t\t\t<td>\n\t\t\t\t<p><span class=\"wpcf7-form-control-wrap\" data-name=\"your-phone\"><input size=\"40\" maxlength=\"400\" class=\"wpcf7-form-control wpcf7-text\" aria-invalid=\"false\" value=\"\" type=\"text\" name=\"your-phone\" \/><\/span>\n\t\t\t\t<\/p>\n\t\t\t<\/td>\n\t\t<\/tr>\n\t\t<tr>\n\t\t\t<td colspan=\"2\">\n\t\t\t\t<p>Viesti: *\n\t\t\t\t<\/p>\n\t\t\t\t<p><span class=\"wpcf7-form-control-wrap\" data-name=\"your-message\"><textarea cols=\"60\" rows=\"5\" maxlength=\"2000\" class=\"wpcf7-form-control wpcf7-textarea wpcf7-validates-as-required\" aria-required=\"true\" aria-invalid=\"false\" name=\"your-message\"><\/textarea><\/span>\n\t\t\t\t<\/p>\n\t\t\t<\/td>\n\t\t<\/tr>\n\t\t<tr>\n\t\t\t<td colspan=\"2\">\n\t\t\t\t<p><input class=\"wpcf7-form-control wpcf7-submit has-spinner\" type=\"submit\" value=\"L\u00e4het\u00e4\" \/>\n\t\t\t\t<\/p>\n\t\t\t<\/td>\n\t\t<\/tr>\n\t<\/table>\n<span class=\"wpcf7-form-control-wrap pagetitle\" data-name=\"pagetitle\"><input type=\"hidden\" name=\"pagetitle\" class=\"wpcf7-form-control wpcf7-hidden wpcf7dtx wpcf7dtx-hidden\" aria-invalid=\"false\" value=\"Kalenteri - avoimet l\u00e4hd\u00f6t\"><\/span>\n<span class=\"wpcf7-form-control-wrap pageurl\" data-name=\"pageurl\"><input type=\"hidden\" name=\"pageurl\" class=\"wpcf7-form-control wpcf7-hidden wpcf7dtx wpcf7dtx-hidden\" aria-invalid=\"false\" value=\"https:\/\/feelthenature.fi\/fi\/wp-json\/wp\/v2\/pages\/9625\"><\/span>\n<span class=\"wpcf7-form-control-wrap language\" data-name=\"language\"><input type=\"hidden\" name=\"language\" class=\"wpcf7-form-control wpcf7-hidden wpcf7dtx wpcf7dtx-hidden\" aria-invalid=\"false\" value=\"en-US\"><\/span>\n<\/div><div class=\"wpcf7-response-output\" aria-hidden=\"true\"><\/div>\n<\/form>\n<\/div>\n\n","protected":false},"excerpt":{"rendered":"<p>N\u00e4ille retkille voit ilmoittautua vaikka yksin tai kaverin kanssa. Takuul\u00e4hd\u00f6iksi merkittyjen ohjelmien toteutus on jo varmistunut. Muissa l\u00e4hd\u00f6iss\u00e4 odotamme viel\u00e4 lis\u00e4\u00e4 osanottajia. Voit my\u00f6s esitt\u00e4\u00e4 omia toivomuksia retkiaikatauluun. J\u00e4rjest\u00e4mme retki\u00e4 my\u00f6s muina aikoina ryhmille tilauksesta. Tutustu my\u00f6s Helsingist\u00e4 Nuuksion kansallispuistoon teht\u00e4vien p\u00e4iv\u00e4retkien kalenteriin.<a href=\"https:\/\/feelthenature.fi\/fi\/kalenteri\/\"> Lue lis\u00e4\u00e4<\/a><\/p>\n","protected":false},"author":1,"featured_media":0,"parent":0,"menu_order":0,"comment_status":"closed","ping_status":"closed","template":"","meta":{"footnotes":""},"class_list":["post-9625","page","type-page","status-publish","hentry"],"yoast_head":"<!-- This site is optimized with the Yoast SEO plugin v26.7 - https:\/\/yoast.com\/wordpress\/plugins\/seo\/ -->\n<title>Kalenteri - avoimet l\u00e4hd\u00f6t - Feel The Nature<\/title>\n<meta name=\"robots\" content=\"index, follow, max-snippet:-1, max-image-preview:large, max-video-preview:-1\" \/>\n<link rel=\"canonical\" href=\"https:\/\/feelthenature.fi\/fi\/kalenteri\/\" \/>\n<meta property=\"og:locale\" content=\"fi_FI\" \/>\n<meta property=\"og:type\" content=\"article\" \/>\n<meta property=\"og:title\" content=\"Kalenteri - avoimet l\u00e4hd\u00f6t - Feel The Nature\" \/>\n<meta property=\"og:description\" content=\"N\u00e4ille retkille voit ilmoittautua vaikka yksin tai kaverin kanssa. Takuul\u00e4hd\u00f6iksi merkittyjen ohjelmien toteutus on jo varmistunut. Muissa l\u00e4hd\u00f6iss\u00e4 odotamme viel\u00e4 lis\u00e4\u00e4 osanottajia. Voit my\u00f6s esitt\u00e4\u00e4 omia toivomuksia retkiaikatauluun. J\u00e4rjest\u00e4mme retki\u00e4 my\u00f6s muina aikoina ryhmille tilauksesta. Tutustu my\u00f6s Helsingist\u00e4 Nuuksion kansallispuistoon teht\u00e4vien p\u00e4iv\u00e4retkien kalenteriin.\" \/>\n<meta property=\"og:url\" content=\"https:\/\/feelthenature.fi\/fi\/kalenteri\/\" \/>\n<meta property=\"og:site_name\" content=\"Feel The Nature\" \/>\n<meta property=\"article:modified_time\" content=\"2018-02-28T20:07:57+00:00\" \/>\n<meta name=\"twitter:card\" content=\"summary_large_image\" \/>\n<script type=\"application\/ld+json\" class=\"yoast-schema-graph\">{\"@context\":\"https:\/\/schema.org\",\"@graph\":[{\"@type\":\"WebPage\",\"@id\":\"https:\/\/feelthenature.fi\/fi\/kalenteri\/\",\"url\":\"https:\/\/feelthenature.fi\/fi\/kalenteri\/\",\"name\":\"Kalenteri - avoimet l\u00e4hd\u00f6t - Feel The Nature\",\"isPartOf\":{\"@id\":\"https:\/\/feelthenature.fi\/en\/#website\"},\"datePublished\":\"2016-02-14T08:39:03+00:00\",\"dateModified\":\"2018-02-28T20:07:57+00:00\",\"breadcrumb\":{\"@id\":\"https:\/\/feelthenature.fi\/fi\/kalenteri\/#breadcrumb\"},\"inLanguage\":\"fi\",\"potentialAction\":[{\"@type\":\"ReadAction\",\"target\":[\"https:\/\/feelthenature.fi\/fi\/kalenteri\/\"]}]},{\"@type\":\"BreadcrumbList\",\"@id\":\"https:\/\/feelthenature.fi\/fi\/kalenteri\/#breadcrumb\",\"itemListElement\":[{\"@type\":\"ListItem\",\"position\":1,\"name\":\"Etusivu\",\"item\":\"https:\/\/feelthenature.fi\/fi\/\"},{\"@type\":\"ListItem\",\"position\":2,\"name\":\"Kalenteri &#8211; avoimet l\u00e4hd\u00f6t\"}]},{\"@type\":\"WebSite\",\"@id\":\"https:\/\/feelthenature.fi\/en\/#website\",\"url\":\"https:\/\/feelthenature.fi\/en\/\",\"name\":\"Feel The Nature\",\"description\":\"\",\"potentialAction\":[{\"@type\":\"SearchAction\",\"target\":{\"@type\":\"EntryPoint\",\"urlTemplate\":\"https:\/\/feelthenature.fi\/en\/?s={search_term_string}\"},\"query-input\":{\"@type\":\"PropertyValueSpecification\",\"valueRequired\":true,\"valueName\":\"search_term_string\"}}],\"inLanguage\":\"fi\"}]}<\/script>\n<!-- \/ Yoast SEO plugin. -->","yoast_head_json":{"title":"Kalenteri - avoimet l\u00e4hd\u00f6t - Feel The Nature","robots":{"index":"index","follow":"follow","max-snippet":"max-snippet:-1","max-image-preview":"max-image-preview:large","max-video-preview":"max-video-preview:-1"},"canonical":"https:\/\/feelthenature.fi\/fi\/kalenteri\/","og_locale":"fi_FI","og_type":"article","og_title":"Kalenteri - avoimet l\u00e4hd\u00f6t - Feel The Nature","og_description":"N\u00e4ille retkille voit ilmoittautua vaikka yksin tai kaverin kanssa. Takuul\u00e4hd\u00f6iksi merkittyjen ohjelmien toteutus on jo varmistunut. Muissa l\u00e4hd\u00f6iss\u00e4 odotamme viel\u00e4 lis\u00e4\u00e4 osanottajia. Voit my\u00f6s esitt\u00e4\u00e4 omia toivomuksia retkiaikatauluun. J\u00e4rjest\u00e4mme retki\u00e4 my\u00f6s muina aikoina ryhmille tilauksesta. Tutustu my\u00f6s Helsingist\u00e4 Nuuksion kansallispuistoon teht\u00e4vien p\u00e4iv\u00e4retkien kalenteriin.","og_url":"https:\/\/feelthenature.fi\/fi\/kalenteri\/","og_site_name":"Feel The Nature","article_modified_time":"2018-02-28T20:07:57+00:00","twitter_card":"summary_large_image","schema":{"@context":"https:\/\/schema.org","@graph":[{"@type":"WebPage","@id":"https:\/\/feelthenature.fi\/fi\/kalenteri\/","url":"https:\/\/feelthenature.fi\/fi\/kalenteri\/","name":"Kalenteri - avoimet l\u00e4hd\u00f6t - Feel The Nature","isPartOf":{"@id":"https:\/\/feelthenature.fi\/en\/#website"},"datePublished":"2016-02-14T08:39:03+00:00","dateModified":"2018-02-28T20:07:57+00:00","breadcrumb":{"@id":"https:\/\/feelthenature.fi\/fi\/kalenteri\/#breadcrumb"},"inLanguage":"fi","potentialAction":[{"@type":"ReadAction","target":["https:\/\/feelthenature.fi\/fi\/kalenteri\/"]}]},{"@type":"BreadcrumbList","@id":"https:\/\/feelthenature.fi\/fi\/kalenteri\/#breadcrumb","itemListElement":[{"@type":"ListItem","position":1,"name":"Etusivu","item":"https:\/\/feelthenature.fi\/fi\/"},{"@type":"ListItem","position":2,"name":"Kalenteri &#8211; avoimet l\u00e4hd\u00f6t"}]},{"@type":"WebSite","@id":"https:\/\/feelthenature.fi\/en\/#website","url":"https:\/\/feelthenature.fi\/en\/","name":"Feel The Nature","description":"","potentialAction":[{"@type":"SearchAction","target":{"@type":"EntryPoint","urlTemplate":"https:\/\/feelthenature.fi\/en\/?s={search_term_string}"},"query-input":{"@type":"PropertyValueSpecification","valueRequired":true,"valueName":"search_term_string"}}],"inLanguage":"fi"}]}},"_links":{"self":[{"href":"https:\/\/feelthenature.fi\/fi\/wp-json\/wp\/v2\/pages\/9625","targetHints":{"allow":["GET"]}}],"collection":[{"href":"https:\/\/feelthenature.fi\/fi\/wp-json\/wp\/v2\/pages"}],"about":[{"href":"https:\/\/feelthenature.fi\/fi\/wp-json\/wp\/v2\/types\/page"}],"author":[{"embeddable":true,"href":"https:\/\/feelthenature.fi\/fi\/wp-json\/wp\/v2\/users\/1"}],"replies":[{"embeddable":true,"href":"https:\/\/feelthenature.fi\/fi\/wp-json\/wp\/v2\/comments?post=9625"}],"version-history":[{"count":0,"href":"https:\/\/feelthenature.fi\/fi\/wp-json\/wp\/v2\/pages\/9625\/revisions"}],"wp:attachment":[{"href":"https:\/\/feelthenature.fi\/fi\/wp-json\/wp\/v2\/media?parent=9625"}],"curies":[{"name":"wp","href":"https:\/\/api.w.org\/{rel}","templated":true}]}}