{"id":14119,"date":"2018-05-22T12:02:38","date_gmt":"2018-05-22T10:02:38","guid":{"rendered":"https:\/\/feelthenature.fi\/?page_id=14119"},"modified":"2018-05-22T12:02:38","modified_gmt":"2018-05-22T10:02:38","slug":"rekisteriseloste","status":"publish","type":"page","link":"https:\/\/feelthenature.fi\/fi\/rekisteriseloste\/","title":{"rendered":"Rekisteriseloste"},"content":{"rendered":"<h2><span style=\"font-weight: 400;\">1. Rekisterin yll\u00e4pit\u00e4j\u00e4<\/span><\/h2>\n<p><span style=\"font-weight: 400;\">Feel The Nature -retket \/ Netgalleria Oy (my\u00f6hemmin Yritys)<br \/>\n<\/span><span style=\"font-weight: 400;\">Caloniuksenkatu 2 C 66<br \/>\n<\/span><span style=\"font-weight: 400;\">00100 HELSINKI<br \/>\n<\/span><span style=\"font-weight: 400;\">info@feelthenature.fi<\/span><\/p>\n<h2><span style=\"font-weight: 400;\">2. Rekisterist\u00e4 vastaava henkil\u00f6<\/span><\/h2>\n<p><span style=\"font-weight: 400;\">Olli Rinne<br \/>\n<\/span><a href=\"mailto:olli@feelthenature.fi\"><span style=\"font-weight: 400;\">olli@feelthenature.fi<\/span><\/a><\/p>\n<p><span style=\"font-weight: 400;\">+358 40 900 5556<\/span><\/p>\n<h2><span style=\"font-weight: 400;\">3. Rekisterin nimi<\/span><\/h2>\n<p><span style=\"font-weight: 400;\">Yrityksen asiakas- ja markkinointirekisteri<\/span><\/p>\n<h2><span style=\"font-weight: 400;\">4. Oikeusperuste ja henkil\u00f6tietojen k\u00e4sittelyn tarkoitus<\/span><\/h2>\n<p><span style=\"font-weight: 400;\">Ker\u00e4\u00e4mme henkil\u00f6tietoja asiakassuhteen hoitamista varten. Henkil\u00f6tietojen k\u00e4sittelyn oikeusperusteena on meid\u00e4n v\u00e4linen sopimus ja siit\u00e4 johtuvat lakis\u00e4\u00e4teiset velvoitteet. Henkil\u00f6tietojen antaminen on edellytys sopimuksen syntymiselle.<\/span><\/p>\n<p><span style=\"font-weight: 400;\">Ker\u00e4\u00e4mme henkil\u00f6tietoja my\u00f6s markkinointia varten. Henkil\u00f6tietojen k\u00e4sittelyn oikeusperusteena on suostumus. <\/span><\/p>\n<p><span style=\"font-weight: 400;\">Emme tee sinua koskevia profilointeja ja automaattisia p\u00e4\u00e4t\u00f6ksi\u00e4.<\/span><\/p>\n<h2><span style=\"font-weight: 400;\">5. Rekisterin tietosis\u00e4lt\u00f6<\/span><\/h2>\n<p><span style=\"font-weight: 400;\">Asiakasrekisteriin tallennettavia tietoja ovat: henkil\u00f6n nimi, yritys\/organisaatio, yhteystiedot (puhelinnumero, s\u00e4hk\u00f6postiosoite, osoite), verkkoyhteyden IP-osoite, tiedot tilatuista palveluista ja niiden muutoksista, laskutustiedot, muut asiakassuhteeseen ja tilattuihin palveluihin liittyv\u00e4t tiedot.<\/span><\/p>\n<h2><span style=\"font-weight: 400;\">6. S\u00e4\u00e4nn\u00f6nmukaiset tietol\u00e4hteet<\/span><\/h2>\n<p><span style=\"font-weight: 400;\">Rekisteriin tallennettavat tiedot saadaan asiakkaalta mm. varausj\u00e4rjestelm\u00e4n kautta, s\u00e4hk\u00f6postitse, puhelimitse, sosiaalisen median palvelujen kautta, sopimuksista, asiakastapaamisista ja muista tilanteista, joissa asiakas luovuttaa tietojaan.<\/span><\/p>\n<h2><span style=\"font-weight: 400;\">7. Tietojen s\u00e4\u00e4nn\u00f6nmukaiset luovutukset<\/span><\/h2>\n<p><span style=\"font-weight: 400;\">Rekisteritietoja voidaan jakaa Yrityksen sis\u00e4ll\u00e4 ja Yrityksen alihankkijoiden kanssa.<\/span><\/p>\n<p><span style=\"font-weight: 400;\">Yritys voi my\u00f6s ulkoistaa henkil\u00f6tietojesi k\u00e4sittelyn yrityksen ulkopuolisille yrityksille, jotka voivat sijaita my\u00f6s Euroopan Unionin ja Euroopan talousalueen ulkopuolella olevissa maissa, kuten Yhdysvalloissa. N\u00e4m\u00e4 yritykset voivat k\u00e4sitell\u00e4 henkil\u00f6tietoja tarjotakseen esimerkiksi infrastruktuuri- ja IT-palveluita, tai muita palveluja. T\u00e4llaisissa tapauksissa riitt\u00e4v\u00e4sti tietoturvasta ja rekisterin k\u00e4sittelyst\u00e4 huolehditaan EU-U.S. \u2013 Privacy Shield \u2013 j\u00e4rjestelyll\u00e4, tai sopimusteitse k\u00e4ytt\u00e4m\u00e4ll\u00e4 EU-komission hyv\u00e4ksymi\u00e4 mallilausekkeita.<\/span><\/p>\n<h2><span style=\"font-weight: 400;\">8. Rekisterin suojauksen periaatteet<\/span><\/h2>\n<p><span style=\"font-weight: 400;\">Rekisterin k\u00e4sittelyss\u00e4 noudatetaan huolellisuutta ja tietoj\u00e4rjestelmien avulla k\u00e4sitelt\u00e4v\u00e4t tiedot suojataan asianmukaisesti. Digitaaliset tallenteet on suojattu sopimuksilla sek\u00e4 teknisill\u00e4 ratkaisuilla, kuten palomuureilla ja salasanasuojauksilla. Henkil\u00f6tietoja k\u00e4sittelev\u00e4t yrityksen sis\u00e4ll\u00e4 vain ne henkil\u00f6t, joiden ty\u00f6teht\u00e4viin se kuuluu. Henkil\u00f6tietoja luovutetaan yrityksen alihankkijoille vain siin\u00e4 laajuudessa kuin se on palvelun tuottamiseksi tarpeellista.<\/span><\/p>\n<h2><span style=\"font-weight: 400;\">9. Ev\u00e4steet<\/span><\/h2>\n<p><span style=\"font-weight: 400;\">Ev\u00e4ste (cookies) on pieni, k\u00e4ytt\u00e4j\u00e4n omalle tietokoneelle l\u00e4hetett\u00e4v\u00e4 ja siell\u00e4 s\u00e4ilytett\u00e4v\u00e4 tekstitiedosto. Verkkosivustollamme k\u00e4ytet\u00e4\u00e4n ev\u00e4steit\u00e4 sen takaamiseksi, ett\u00e4 palvelu on turvallinen, tehokas ja k\u00e4ytt\u00e4j\u00e4yst\u00e4v\u00e4llinen. Sivustolla k\u00e4yt\u00e4mme ev\u00e4steit\u00e4 tilastollisen tiedon tuottamiseen ja sek\u00e4 varauspalvelun \u00a0toteuttamiseen.<\/span><\/p>\n<h2><span style=\"font-weight: 400;\">10. Tarkastusoikeus ja oikeus vaatia tiedon korjaamista<\/span><\/h2>\n<p><span style=\"font-weight: 400;\">Rekisterin henkil\u00f6ll\u00e4 on oikeus tarkastaa, mit\u00e4 tietoja h\u00e4nest\u00e4 on rekisteriss\u00e4. Pyynt\u00f6 tulee suorittaa kirjallisena rekisterin pit\u00e4j\u00e4lle.<\/span><\/p>\n<p><span style=\"font-weight: 400;\">Rekisterin henkil\u00f6ll\u00e4 on oikeus muutoksiin niiss\u00e4 tiedoissa, jotka h\u00e4nest\u00e4 on kirjattu virheellisesti rekisteriin.<\/span><\/p>\n<h2><span style=\"font-weight: 400;\">11. Suoramarkkinointikielto<\/span><\/h2>\n<p><span style=\"font-weight: 400;\">Asiakas voi kielt\u00e4\u00e4 tietojensa k\u00e4yt\u00f6n s\u00e4hk\u00f6iseen markkinointiin l\u00e4hett\u00e4m\u00e4ll\u00e4 t\u00e4t\u00e4 koskevan vapaamuotoisen ilmoituksen s\u00e4hk\u00f6postilla osoitteeseen <\/span><a href=\"mailto:info@feelthenature.fi\"><span style=\"font-weight: 400;\">info@feelthenature.fi<\/span><\/a><span style=\"font-weight: 400;\"> . <\/span><\/p>\n<p>&nbsp;<\/p>\n","protected":false},"excerpt":{"rendered":"<p>1. Rekisterin yll\u00e4pit\u00e4j\u00e4 Feel The Nature -retket \/ Netgalleria Oy (my\u00f6hemmin Yritys) Caloniuksenkatu 2 C 66 00100 HELSINKI info@feelthenature.fi 2. Rekisterist\u00e4 vastaava henkil\u00f6 Olli Rinne olli@feelthenature.fi +358 40 900 5556 3. Rekisterin nimi Yrityksen asiakas- ja markkinointirekisteri 4. Oikeusperuste ja henkil\u00f6tietojen k\u00e4sittelyn tarkoitus Ker\u00e4\u00e4mme henkil\u00f6tietoja asiakassuhteen hoitamista varten. Henkil\u00f6tietojen k\u00e4sittelyn oikeusperusteena on meid\u00e4n v\u00e4linen sopimus &hellip; <\/p>\n<p class=\"link-more\"><a href=\"https:\/\/feelthenature.fi\/fi\/rekisteriseloste\/\" class=\"more-link\">Jatka lukemista<span class=\"screen-reader-text\"> &#8221;Rekisteriseloste&#8221;<\/span><\/a><a href=\"https:\/\/feelthenature.fi\/fi\/rekisteriseloste\/\"> Lue lis\u00e4\u00e4<\/a><\/p>\n","protected":false},"author":1,"featured_media":0,"parent":0,"menu_order":0,"comment_status":"closed","ping_status":"closed","template":"","meta":{"footnotes":""},"class_list":["post-14119","page","type-page","status-publish","hentry"],"yoast_head":"<!-- This site is optimized with the Yoast SEO plugin v26.7 - https:\/\/yoast.com\/wordpress\/plugins\/seo\/ -->\n<title>Rekisteriseloste - Feel The Nature<\/title>\n<meta name=\"robots\" content=\"index, follow, max-snippet:-1, max-image-preview:large, max-video-preview:-1\" \/>\n<link rel=\"canonical\" href=\"https:\/\/feelthenature.fi\/fi\/rekisteriseloste\/\" \/>\n<meta property=\"og:locale\" content=\"fi_FI\" \/>\n<meta property=\"og:type\" content=\"article\" \/>\n<meta property=\"og:title\" content=\"Rekisteriseloste - Feel The Nature\" \/>\n<meta property=\"og:description\" content=\"1. Rekisterin yll\u00e4pit\u00e4j\u00e4 Feel The Nature -retket \/ Netgalleria Oy (my\u00f6hemmin Yritys) Caloniuksenkatu 2 C 66 00100 HELSINKI info@feelthenature.fi 2. Rekisterist\u00e4 vastaava henkil\u00f6 Olli Rinne olli@feelthenature.fi +358 40 900 5556 3. Rekisterin nimi Yrityksen asiakas- ja markkinointirekisteri 4. Oikeusperuste ja henkil\u00f6tietojen k\u00e4sittelyn tarkoitus Ker\u00e4\u00e4mme henkil\u00f6tietoja asiakassuhteen hoitamista varten. Henkil\u00f6tietojen k\u00e4sittelyn oikeusperusteena on meid\u00e4n v\u00e4linen sopimus &hellip; Jatka lukemista &quot;Rekisteriseloste&quot;\" \/>\n<meta property=\"og:url\" content=\"https:\/\/feelthenature.fi\/fi\/rekisteriseloste\/\" \/>\n<meta property=\"og:site_name\" content=\"Feel The Nature\" \/>\n<meta name=\"twitter:card\" content=\"summary_large_image\" \/>\n<meta name=\"twitter:label1\" content=\"Arvioitu lukuaika\" \/>\n\t<meta name=\"twitter:data1\" content=\"2 minuuttia\" \/>\n<script type=\"application\/ld+json\" class=\"yoast-schema-graph\">{\"@context\":\"https:\/\/schema.org\",\"@graph\":[{\"@type\":\"WebPage\",\"@id\":\"https:\/\/feelthenature.fi\/fi\/rekisteriseloste\/\",\"url\":\"https:\/\/feelthenature.fi\/fi\/rekisteriseloste\/\",\"name\":\"Rekisteriseloste - Feel The Nature\",\"isPartOf\":{\"@id\":\"https:\/\/feelthenature.fi\/en\/#website\"},\"datePublished\":\"2018-05-22T10:02:38+00:00\",\"breadcrumb\":{\"@id\":\"https:\/\/feelthenature.fi\/fi\/rekisteriseloste\/#breadcrumb\"},\"inLanguage\":\"fi\",\"potentialAction\":[{\"@type\":\"ReadAction\",\"target\":[\"https:\/\/feelthenature.fi\/fi\/rekisteriseloste\/\"]}]},{\"@type\":\"BreadcrumbList\",\"@id\":\"https:\/\/feelthenature.fi\/fi\/rekisteriseloste\/#breadcrumb\",\"itemListElement\":[{\"@type\":\"ListItem\",\"position\":1,\"name\":\"Etusivu\",\"item\":\"https:\/\/feelthenature.fi\/fi\/\"},{\"@type\":\"ListItem\",\"position\":2,\"name\":\"Rekisteriseloste\"}]},{\"@type\":\"WebSite\",\"@id\":\"https:\/\/feelthenature.fi\/en\/#website\",\"url\":\"https:\/\/feelthenature.fi\/en\/\",\"name\":\"Feel The Nature\",\"description\":\"\",\"potentialAction\":[{\"@type\":\"SearchAction\",\"target\":{\"@type\":\"EntryPoint\",\"urlTemplate\":\"https:\/\/feelthenature.fi\/en\/?s={search_term_string}\"},\"query-input\":{\"@type\":\"PropertyValueSpecification\",\"valueRequired\":true,\"valueName\":\"search_term_string\"}}],\"inLanguage\":\"fi\"}]}<\/script>\n<!-- \/ Yoast SEO plugin. -->","yoast_head_json":{"title":"Rekisteriseloste - Feel The Nature","robots":{"index":"index","follow":"follow","max-snippet":"max-snippet:-1","max-image-preview":"max-image-preview:large","max-video-preview":"max-video-preview:-1"},"canonical":"https:\/\/feelthenature.fi\/fi\/rekisteriseloste\/","og_locale":"fi_FI","og_type":"article","og_title":"Rekisteriseloste - Feel The Nature","og_description":"1. Rekisterin yll\u00e4pit\u00e4j\u00e4 Feel The Nature -retket \/ Netgalleria Oy (my\u00f6hemmin Yritys) Caloniuksenkatu 2 C 66 00100 HELSINKI info@feelthenature.fi 2. Rekisterist\u00e4 vastaava henkil\u00f6 Olli Rinne olli@feelthenature.fi +358 40 900 5556 3. Rekisterin nimi Yrityksen asiakas- ja markkinointirekisteri 4. Oikeusperuste ja henkil\u00f6tietojen k\u00e4sittelyn tarkoitus Ker\u00e4\u00e4mme henkil\u00f6tietoja asiakassuhteen hoitamista varten. Henkil\u00f6tietojen k\u00e4sittelyn oikeusperusteena on meid\u00e4n v\u00e4linen sopimus &hellip; Jatka lukemista \"Rekisteriseloste\"","og_url":"https:\/\/feelthenature.fi\/fi\/rekisteriseloste\/","og_site_name":"Feel The Nature","twitter_card":"summary_large_image","twitter_misc":{"Arvioitu lukuaika":"2 minuuttia"},"schema":{"@context":"https:\/\/schema.org","@graph":[{"@type":"WebPage","@id":"https:\/\/feelthenature.fi\/fi\/rekisteriseloste\/","url":"https:\/\/feelthenature.fi\/fi\/rekisteriseloste\/","name":"Rekisteriseloste - Feel The Nature","isPartOf":{"@id":"https:\/\/feelthenature.fi\/en\/#website"},"datePublished":"2018-05-22T10:02:38+00:00","breadcrumb":{"@id":"https:\/\/feelthenature.fi\/fi\/rekisteriseloste\/#breadcrumb"},"inLanguage":"fi","potentialAction":[{"@type":"ReadAction","target":["https:\/\/feelthenature.fi\/fi\/rekisteriseloste\/"]}]},{"@type":"BreadcrumbList","@id":"https:\/\/feelthenature.fi\/fi\/rekisteriseloste\/#breadcrumb","itemListElement":[{"@type":"ListItem","position":1,"name":"Etusivu","item":"https:\/\/feelthenature.fi\/fi\/"},{"@type":"ListItem","position":2,"name":"Rekisteriseloste"}]},{"@type":"WebSite","@id":"https:\/\/feelthenature.fi\/en\/#website","url":"https:\/\/feelthenature.fi\/en\/","name":"Feel The Nature","description":"","potentialAction":[{"@type":"SearchAction","target":{"@type":"EntryPoint","urlTemplate":"https:\/\/feelthenature.fi\/en\/?s={search_term_string}"},"query-input":{"@type":"PropertyValueSpecification","valueRequired":true,"valueName":"search_term_string"}}],"inLanguage":"fi"}]}},"_links":{"self":[{"href":"https:\/\/feelthenature.fi\/fi\/wp-json\/wp\/v2\/pages\/14119","targetHints":{"allow":["GET"]}}],"collection":[{"href":"https:\/\/feelthenature.fi\/fi\/wp-json\/wp\/v2\/pages"}],"about":[{"href":"https:\/\/feelthenature.fi\/fi\/wp-json\/wp\/v2\/types\/page"}],"author":[{"embeddable":true,"href":"https:\/\/feelthenature.fi\/fi\/wp-json\/wp\/v2\/users\/1"}],"replies":[{"embeddable":true,"href":"https:\/\/feelthenature.fi\/fi\/wp-json\/wp\/v2\/comments?post=14119"}],"version-history":[{"count":0,"href":"https:\/\/feelthenature.fi\/fi\/wp-json\/wp\/v2\/pages\/14119\/revisions"}],"wp:attachment":[{"href":"https:\/\/feelthenature.fi\/fi\/wp-json\/wp\/v2\/media?parent=14119"}],"curies":[{"name":"wp","href":"https:\/\/api.w.org\/{rel}","templated":true}]}}