{"id":11729,"date":"2017-03-28T20:58:53","date_gmt":"2017-03-28T18:58:53","guid":{"rendered":"https:\/\/feelthenature.fi\/etusivu-2-copy\/"},"modified":"2023-07-08T21:21:07","modified_gmt":"2023-07-08T18:21:07","slug":"etusivu-2-copy","status":"publish","type":"page","link":"https:\/\/feelthenature.fi\/fi\/","title":{"rendered":"Etusivu"},"content":{"rendered":"\n<div class=\"wp-block-group\"><div class=\"wp-block-group__inner-container is-layout-flow wp-block-group-is-layout-flow\"><\/div><\/div>\n\n\n\n\n\n<h1 class=\"wp-block-heading\">Feel The Nature -retket on suomalaiseen luontoon erikoistunut el\u00e4myspalveluyritys<\/h1>\n\n\n\n<p>Nuuksion kansallispuiston upeissa luontokohteissa j\u00e4rjest\u00e4mme luontoretki\u00e4 ja -aktiviteettej\u00e4 l\u00e4pi vuoden. Kes\u00e4ll\u00e4 ohjelmassamme on mm. <a href=\"\/fi\/category\/nuuksion-kansallispuisto\/nuuksion-kesa\/\">patikka- ja melontaretket <\/a>ja talvella <a href=\"\/fi\/lumikenkaretki-nuuksion-kansallispuistossa\/\">talvipatikat ja lumikenk\u00e4retket<\/a>. <\/p>\n\n\n\n<h2 class=\"wp-block-heading\"><\/h2>\n","protected":false},"excerpt":{"rendered":"<p>Feel The Nature -retket on suomalaiseen luontoon erikoistunut el\u00e4myspalveluyritys Nuuksion kansallispuiston upeissa luontokohteissa j\u00e4rjest\u00e4mme luontoretki\u00e4 ja -aktiviteettej\u00e4 l\u00e4pi vuoden. Kes\u00e4ll\u00e4 ohjelmassamme on mm. patikka- ja melontaretket ja talvella talvipatikat ja lumikenk\u00e4retket.<a href=\"https:\/\/feelthenature.fi\/fi\/\"> Lue lis\u00e4\u00e4<\/a><\/p>\n","protected":false},"author":1,"featured_media":0,"parent":0,"menu_order":0,"comment_status":"closed","ping_status":"closed","template":"page-frontpage.php","meta":{"footnotes":""},"class_list":["post-11729","page","type-page","status-publish","hentry"],"yoast_head":"<!-- This site is optimized with the Yoast SEO plugin v26.7 - https:\/\/yoast.com\/wordpress\/plugins\/seo\/ -->\n<title>Etusivu - Feel The Nature<\/title>\n<meta name=\"robots\" content=\"index, follow, max-snippet:-1, max-image-preview:large, max-video-preview:-1\" \/>\n<link rel=\"canonical\" href=\"https:\/\/feelthenature.fi\/fi\/\" \/>\n<meta property=\"og:locale\" content=\"fi_FI\" \/>\n<meta property=\"og:type\" content=\"article\" \/>\n<meta property=\"og:title\" content=\"Etusivu - Feel The Nature\" \/>\n<meta property=\"og:description\" content=\"Feel The Nature -retket on suomalaiseen luontoon erikoistunut el\u00e4myspalveluyritys Nuuksion kansallispuiston upeissa luontokohteissa j\u00e4rjest\u00e4mme luontoretki\u00e4 ja -aktiviteettej\u00e4 l\u00e4pi vuoden. Kes\u00e4ll\u00e4 ohjelmassamme on mm. patikka- ja melontaretket ja talvella talvipatikat ja lumikenk\u00e4retket.\" \/>\n<meta property=\"og:url\" content=\"https:\/\/feelthenature.fi\/fi\/\" \/>\n<meta property=\"og:site_name\" content=\"Feel The Nature\" \/>\n<meta property=\"article:modified_time\" content=\"2023-07-08T18:21:07+00:00\" \/>\n<meta name=\"twitter:card\" content=\"summary_large_image\" \/>\n<meta name=\"twitter:label1\" content=\"Arvioitu lukuaika\" \/>\n\t<meta name=\"twitter:data1\" content=\"1 minuutti\" \/>\n<script type=\"application\/ld+json\" class=\"yoast-schema-graph\">{\"@context\":\"https:\/\/schema.org\",\"@graph\":[{\"@type\":\"WebPage\",\"@id\":\"https:\/\/feelthenature.fi\/fi\/\",\"url\":\"https:\/\/feelthenature.fi\/fi\/\",\"name\":\"Etusivu - Feel The Nature\",\"isPartOf\":{\"@id\":\"https:\/\/feelthenature.fi\/en\/#website\"},\"datePublished\":\"2017-03-28T18:58:53+00:00\",\"dateModified\":\"2023-07-08T18:21:07+00:00\",\"breadcrumb\":{\"@id\":\"https:\/\/feelthenature.fi\/fi\/#breadcrumb\"},\"inLanguage\":\"fi\",\"potentialAction\":[{\"@type\":\"ReadAction\",\"target\":[\"https:\/\/feelthenature.fi\/fi\/\"]}]},{\"@type\":\"BreadcrumbList\",\"@id\":\"https:\/\/feelthenature.fi\/fi\/#breadcrumb\",\"itemListElement\":[{\"@type\":\"ListItem\",\"position\":1,\"name\":\"Etusivu\",\"item\":\"https:\/\/feelthenature.fi\/fi\/\"},{\"@type\":\"ListItem\",\"position\":2,\"name\":\"Etusivu\"}]},{\"@type\":\"WebSite\",\"@id\":\"https:\/\/feelthenature.fi\/en\/#website\",\"url\":\"https:\/\/feelthenature.fi\/en\/\",\"name\":\"Feel The Nature\",\"description\":\"\",\"potentialAction\":[{\"@type\":\"SearchAction\",\"target\":{\"@type\":\"EntryPoint\",\"urlTemplate\":\"https:\/\/feelthenature.fi\/en\/?s={search_term_string}\"},\"query-input\":{\"@type\":\"PropertyValueSpecification\",\"valueRequired\":true,\"valueName\":\"search_term_string\"}}],\"inLanguage\":\"fi\"}]}<\/script>\n<!-- \/ Yoast SEO plugin. -->","yoast_head_json":{"title":"Etusivu - Feel The Nature","robots":{"index":"index","follow":"follow","max-snippet":"max-snippet:-1","max-image-preview":"max-image-preview:large","max-video-preview":"max-video-preview:-1"},"canonical":"https:\/\/feelthenature.fi\/fi\/","og_locale":"fi_FI","og_type":"article","og_title":"Etusivu - Feel The Nature","og_description":"Feel The Nature -retket on suomalaiseen luontoon erikoistunut el\u00e4myspalveluyritys Nuuksion kansallispuiston upeissa luontokohteissa j\u00e4rjest\u00e4mme luontoretki\u00e4 ja -aktiviteettej\u00e4 l\u00e4pi vuoden. Kes\u00e4ll\u00e4 ohjelmassamme on mm. patikka- ja melontaretket ja talvella talvipatikat ja lumikenk\u00e4retket.","og_url":"https:\/\/feelthenature.fi\/fi\/","og_site_name":"Feel The Nature","article_modified_time":"2023-07-08T18:21:07+00:00","twitter_card":"summary_large_image","twitter_misc":{"Arvioitu lukuaika":"1 minuutti"},"schema":{"@context":"https:\/\/schema.org","@graph":[{"@type":"WebPage","@id":"https:\/\/feelthenature.fi\/fi\/","url":"https:\/\/feelthenature.fi\/fi\/","name":"Etusivu - Feel The Nature","isPartOf":{"@id":"https:\/\/feelthenature.fi\/en\/#website"},"datePublished":"2017-03-28T18:58:53+00:00","dateModified":"2023-07-08T18:21:07+00:00","breadcrumb":{"@id":"https:\/\/feelthenature.fi\/fi\/#breadcrumb"},"inLanguage":"fi","potentialAction":[{"@type":"ReadAction","target":["https:\/\/feelthenature.fi\/fi\/"]}]},{"@type":"BreadcrumbList","@id":"https:\/\/feelthenature.fi\/fi\/#breadcrumb","itemListElement":[{"@type":"ListItem","position":1,"name":"Etusivu","item":"https:\/\/feelthenature.fi\/fi\/"},{"@type":"ListItem","position":2,"name":"Etusivu"}]},{"@type":"WebSite","@id":"https:\/\/feelthenature.fi\/en\/#website","url":"https:\/\/feelthenature.fi\/en\/","name":"Feel The Nature","description":"","potentialAction":[{"@type":"SearchAction","target":{"@type":"EntryPoint","urlTemplate":"https:\/\/feelthenature.fi\/en\/?s={search_term_string}"},"query-input":{"@type":"PropertyValueSpecification","valueRequired":true,"valueName":"search_term_string"}}],"inLanguage":"fi"}]}},"_links":{"self":[{"href":"https:\/\/feelthenature.fi\/fi\/wp-json\/wp\/v2\/pages\/11729","targetHints":{"allow":["GET"]}}],"collection":[{"href":"https:\/\/feelthenature.fi\/fi\/wp-json\/wp\/v2\/pages"}],"about":[{"href":"https:\/\/feelthenature.fi\/fi\/wp-json\/wp\/v2\/types\/page"}],"author":[{"embeddable":true,"href":"https:\/\/feelthenature.fi\/fi\/wp-json\/wp\/v2\/users\/1"}],"replies":[{"embeddable":true,"href":"https:\/\/feelthenature.fi\/fi\/wp-json\/wp\/v2\/comments?post=11729"}],"version-history":[{"count":0,"href":"https:\/\/feelthenature.fi\/fi\/wp-json\/wp\/v2\/pages\/11729\/revisions"}],"wp:attachment":[{"href":"https:\/\/feelthenature.fi\/fi\/wp-json\/wp\/v2\/media?parent=11729"}],"curies":[{"name":"wp","href":"https:\/\/api.w.org\/{rel}","templated":true}]}}