{"id":9623,"date":"2016-02-14T10:36:56","date_gmt":"2016-02-14T08:36:56","guid":{"rendered":"https:\/\/feelthenature.fi\/de\/ausflugskalender-2\/"},"modified":"2016-02-15T21:37:12","modified_gmt":"2016-02-15T19:37:12","slug":"ausflugskalender","status":"publish","type":"page","link":"https:\/\/feelthenature.fi\/de\/ausflugskalender\/","title":{"rendered":"Ausflugskalender"},"content":{"rendered":"<p><a href=\"\/en\/nature-day-trips-from-helsinki\/\">Von Helsinki Bereich Tagesausflug Kalender<\/a> k\u00f6nnen Sie Zeitplan der offenen Ausflugen sowie Privatf\u00fchrung von Helsinki nach Nuuksio Nationalpark \u00fcberpr\u00fcfen.<\/p>\n<\/table>\n\n<div class=\"wpcf7 no-js\" id=\"wpcf7-f9416-o1\" lang=\"en-US\" dir=\"ltr\" data-wpcf7-id=\"9416\">\n<div class=\"screen-reader-response\"><p role=\"status\" aria-live=\"polite\" aria-atomic=\"true\"><\/p> <ul><\/ul><\/div>\n<form action=\"\/de\/wp-json\/wp\/v2\/pages\/9623#wpcf7-f9416-o1\" method=\"post\" class=\"wpcf7-form init\" aria-label=\"Contact form\" novalidate=\"novalidate\" data-status=\"init\">\n<fieldset class=\"hidden-fields-container\"><input type=\"hidden\" name=\"_wpcf7\" value=\"9416\" \/><input type=\"hidden\" name=\"_wpcf7_version\" value=\"6.1.5\" \/><input type=\"hidden\" name=\"_wpcf7_locale\" value=\"en_US\" \/><input type=\"hidden\" name=\"_wpcf7_unit_tag\" value=\"wpcf7-f9416-o1\" \/><input type=\"hidden\" name=\"_wpcf7_container_post\" value=\"0\" \/><input type=\"hidden\" name=\"_wpcf7_posted_data_hash\" value=\"\" \/><input type=\"hidden\" name=\"_wpcf7dtx_version\" value=\"5.0.5\" \/><input type=\"hidden\" name=\"_wpcf7_recaptcha_response\" value=\"\" \/>\n<\/fieldset>\n<div class=\"dontprint contact-form\">\n\t<h3 id=\"ask\">Kontaktieren Sie uns f\u00fcr weitere Informationen.\n\t<\/h3>\n\t<p>Bitte beachten Sie, dass die Kommunikation mit unserem Kundenservice auf Englisch stattfindet.\n\t<\/p>\n\t<table><span id=\"wpcf7-69e881d3a1f3f-wrapper\" class=\"wpcf7-form-control-wrap additionalinfo-wrap\" style=\"display:none !important; visibility:hidden !important;\"><label for=\"wpcf7-69e881d3a1f3f-field\" class=\"hp-message\">Please leave this field empty.<\/label><input id=\"wpcf7-69e881d3a1f3f-field\"  class=\"wpcf7-form-control wpcf7-text\" type=\"text\" name=\"additionalinfo\" value=\"\" size=\"40\" tabindex=\"-1\" autocomplete=\"new-password\" \/><\/span>\n\t\t<tr>\n\t\t\t<td>\n\t\t\t\t<p>Name:*\n\t\t\t\t<\/p>\n\t\t\t<\/td>\n\t\t\t<td>\n\t\t\t\t<p><span class=\"wpcf7-form-control-wrap\" data-name=\"your-name\"><input size=\"40\" maxlength=\"400\" class=\"wpcf7-form-control wpcf7-text wpcf7-validates-as-required\" aria-required=\"true\" aria-invalid=\"false\" value=\"\" type=\"text\" name=\"your-name\" \/><\/span>\n\t\t\t\t<\/p>\n\t\t\t<\/td>\n\t\t<\/tr>\n\t\t<tr>\n\t\t\t<td>\n\t\t\t\t<p>E-Mail:*\n\t\t\t\t<\/p>\n\t\t\t<\/td>\n\t\t\t<td>\n\t\t\t\t<p><span class=\"wpcf7-form-control-wrap\" data-name=\"your-email\"><input size=\"40\" maxlength=\"400\" class=\"wpcf7-form-control wpcf7-text wpcf7-validates-as-required\" aria-required=\"true\" aria-invalid=\"false\" value=\"\" type=\"text\" name=\"your-email\" \/><\/span>\n\t\t\t\t<\/p>\n\t\t\t<\/td>\n\t\t<\/tr>\n\t\t<tr>\n\t\t\t<td>\n\t\t\t\t<p>Telefon:\n\t\t\t\t<\/p>\n\t\t\t<\/td>\n\t\t\t<td>\n\t\t\t\t<p><span class=\"wpcf7-form-control-wrap\" data-name=\"your-phone\"><input size=\"40\" maxlength=\"400\" class=\"wpcf7-form-control wpcf7-text\" aria-invalid=\"false\" value=\"\" type=\"text\" name=\"your-phone\" \/><\/span>\n\t\t\t\t<\/p>\n\t\t\t<\/td>\n\t\t<\/tr>\n\t\t<tr>\n\t\t\t<td colspan=\"2\">\n\t\t\t\t<p>Nachricht: *\n\t\t\t\t<\/p>\n\t\t\t\t<p><span class=\"wpcf7-form-control-wrap\" data-name=\"your-message\"><textarea cols=\"60\" rows=\"5\" maxlength=\"2000\" class=\"wpcf7-form-control wpcf7-textarea wpcf7-validates-as-required\" aria-required=\"true\" aria-invalid=\"false\" name=\"your-message\"><\/textarea><\/span>\n\t\t\t\t<\/p>\n\t\t\t<\/td>\n\t\t<\/tr>\n\t\t<tr>\n\t\t\t<td colspan=\"2\">\n\t\t\t\t<p><input class=\"wpcf7-form-control wpcf7-submit has-spinner\" type=\"submit\" value=\"Absenden\" \/>\n\t\t\t\t<\/p>\n\t\t\t<\/td>\n\t\t<\/tr>\n\t<\/table>\n<span class=\"wpcf7-form-control-wrap pagetitle\" data-name=\"pagetitle\"><input type=\"hidden\" name=\"pagetitle\" class=\"wpcf7-form-control wpcf7-hidden wpcf7dtx wpcf7dtx-hidden\" aria-invalid=\"false\" value=\"Ausflugskalender\"><\/span>\n<span class=\"wpcf7-form-control-wrap pageurl\" data-name=\"pageurl\"><input type=\"hidden\" name=\"pageurl\" class=\"wpcf7-form-control wpcf7-hidden wpcf7dtx wpcf7dtx-hidden\" aria-invalid=\"false\" value=\"https:\/\/feelthenature.fi\/de\/wp-json\/wp\/v2\/pages\/9623\"><\/span>\n<span class=\"wpcf7-form-control-wrap language\" data-name=\"language\"><input type=\"hidden\" name=\"language\" class=\"wpcf7-form-control wpcf7-hidden wpcf7dtx wpcf7dtx-hidden\" aria-invalid=\"false\" value=\"en-US\"><\/span>\n<\/div><div class=\"wpcf7-response-output\" aria-hidden=\"true\"><\/div>\n<\/form>\n<\/div>\n\n","protected":false},"excerpt":{"rendered":"<p>Von Helsinki Bereich Tagesausflug Kalender k\u00f6nnen Sie Zeitplan der offenen Ausflugen sowie Privatf\u00fchrung von Helsinki nach Nuuksio Nationalpark \u00fcberpr\u00fcfen.<a href=\"https:\/\/feelthenature.fi\/de\/ausflugskalender\/\"> Read More<\/a><\/p>\n","protected":false},"author":1,"featured_media":0,"parent":0,"menu_order":0,"comment_status":"closed","ping_status":"closed","template":"page-templates\/full-width.php","meta":{"footnotes":""},"class_list":["post-9623","page","type-page","status-publish","hentry"],"yoast_head":"<!-- This site is optimized with the Yoast SEO plugin v26.7 - https:\/\/yoast.com\/wordpress\/plugins\/seo\/ -->\n<title>Ausflugskalender - Feel The Nature<\/title>\n<meta name=\"robots\" content=\"index, follow, max-snippet:-1, max-image-preview:large, max-video-preview:-1\" \/>\n<link rel=\"canonical\" href=\"https:\/\/feelthenature.fi\/de\/ausflugskalender\/\" \/>\n<meta property=\"og:locale\" content=\"de_DE\" \/>\n<meta property=\"og:type\" content=\"article\" \/>\n<meta property=\"og:title\" content=\"Ausflugskalender - Feel The Nature\" \/>\n<meta property=\"og:description\" content=\"Von Helsinki Bereich Tagesausflug Kalender k\u00f6nnen Sie Zeitplan der offenen Ausflugen sowie Privatf\u00fchrung von Helsinki nach Nuuksio Nationalpark \u00fcberpr\u00fcfen.\" \/>\n<meta property=\"og:url\" content=\"https:\/\/feelthenature.fi\/de\/ausflugskalender\/\" \/>\n<meta property=\"og:site_name\" content=\"Feel The Nature\" \/>\n<meta property=\"article:modified_time\" content=\"2016-02-15T19:37:12+00:00\" \/>\n<meta name=\"twitter:card\" content=\"summary_large_image\" \/>\n<script type=\"application\/ld+json\" class=\"yoast-schema-graph\">{\"@context\":\"https:\/\/schema.org\",\"@graph\":[{\"@type\":\"WebPage\",\"@id\":\"https:\/\/feelthenature.fi\/de\/ausflugskalender\/\",\"url\":\"https:\/\/feelthenature.fi\/de\/ausflugskalender\/\",\"name\":\"Ausflugskalender - Feel The Nature\",\"isPartOf\":{\"@id\":\"https:\/\/feelthenature.fi\/en\/#website\"},\"datePublished\":\"2016-02-14T08:36:56+00:00\",\"dateModified\":\"2016-02-15T19:37:12+00:00\",\"breadcrumb\":{\"@id\":\"https:\/\/feelthenature.fi\/de\/ausflugskalender\/#breadcrumb\"},\"inLanguage\":\"de\",\"potentialAction\":[{\"@type\":\"ReadAction\",\"target\":[\"https:\/\/feelthenature.fi\/de\/ausflugskalender\/\"]}]},{\"@type\":\"BreadcrumbList\",\"@id\":\"https:\/\/feelthenature.fi\/de\/ausflugskalender\/#breadcrumb\",\"itemListElement\":[{\"@type\":\"ListItem\",\"position\":1,\"name\":\"Etusivu\",\"item\":\"https:\/\/feelthenature.fi\/de\/\"},{\"@type\":\"ListItem\",\"position\":2,\"name\":\"Ausflugskalender\"}]},{\"@type\":\"WebSite\",\"@id\":\"https:\/\/feelthenature.fi\/en\/#website\",\"url\":\"https:\/\/feelthenature.fi\/en\/\",\"name\":\"Feel The Nature\",\"description\":\"\",\"potentialAction\":[{\"@type\":\"SearchAction\",\"target\":{\"@type\":\"EntryPoint\",\"urlTemplate\":\"https:\/\/feelthenature.fi\/en\/?s={search_term_string}\"},\"query-input\":{\"@type\":\"PropertyValueSpecification\",\"valueRequired\":true,\"valueName\":\"search_term_string\"}}],\"inLanguage\":\"de\"}]}<\/script>\n<!-- \/ Yoast SEO plugin. -->","yoast_head_json":{"title":"Ausflugskalender - Feel The Nature","robots":{"index":"index","follow":"follow","max-snippet":"max-snippet:-1","max-image-preview":"max-image-preview:large","max-video-preview":"max-video-preview:-1"},"canonical":"https:\/\/feelthenature.fi\/de\/ausflugskalender\/","og_locale":"de_DE","og_type":"article","og_title":"Ausflugskalender - Feel The Nature","og_description":"Von Helsinki Bereich Tagesausflug Kalender k\u00f6nnen Sie Zeitplan der offenen Ausflugen sowie Privatf\u00fchrung von Helsinki nach Nuuksio Nationalpark \u00fcberpr\u00fcfen.","og_url":"https:\/\/feelthenature.fi\/de\/ausflugskalender\/","og_site_name":"Feel The Nature","article_modified_time":"2016-02-15T19:37:12+00:00","twitter_card":"summary_large_image","schema":{"@context":"https:\/\/schema.org","@graph":[{"@type":"WebPage","@id":"https:\/\/feelthenature.fi\/de\/ausflugskalender\/","url":"https:\/\/feelthenature.fi\/de\/ausflugskalender\/","name":"Ausflugskalender - Feel The Nature","isPartOf":{"@id":"https:\/\/feelthenature.fi\/en\/#website"},"datePublished":"2016-02-14T08:36:56+00:00","dateModified":"2016-02-15T19:37:12+00:00","breadcrumb":{"@id":"https:\/\/feelthenature.fi\/de\/ausflugskalender\/#breadcrumb"},"inLanguage":"de","potentialAction":[{"@type":"ReadAction","target":["https:\/\/feelthenature.fi\/de\/ausflugskalender\/"]}]},{"@type":"BreadcrumbList","@id":"https:\/\/feelthenature.fi\/de\/ausflugskalender\/#breadcrumb","itemListElement":[{"@type":"ListItem","position":1,"name":"Etusivu","item":"https:\/\/feelthenature.fi\/de\/"},{"@type":"ListItem","position":2,"name":"Ausflugskalender"}]},{"@type":"WebSite","@id":"https:\/\/feelthenature.fi\/en\/#website","url":"https:\/\/feelthenature.fi\/en\/","name":"Feel The Nature","description":"","potentialAction":[{"@type":"SearchAction","target":{"@type":"EntryPoint","urlTemplate":"https:\/\/feelthenature.fi\/en\/?s={search_term_string}"},"query-input":{"@type":"PropertyValueSpecification","valueRequired":true,"valueName":"search_term_string"}}],"inLanguage":"de"}]}},"_links":{"self":[{"href":"https:\/\/feelthenature.fi\/de\/wp-json\/wp\/v2\/pages\/9623","targetHints":{"allow":["GET"]}}],"collection":[{"href":"https:\/\/feelthenature.fi\/de\/wp-json\/wp\/v2\/pages"}],"about":[{"href":"https:\/\/feelthenature.fi\/de\/wp-json\/wp\/v2\/types\/page"}],"author":[{"embeddable":true,"href":"https:\/\/feelthenature.fi\/de\/wp-json\/wp\/v2\/users\/1"}],"replies":[{"embeddable":true,"href":"https:\/\/feelthenature.fi\/de\/wp-json\/wp\/v2\/comments?post=9623"}],"version-history":[{"count":0,"href":"https:\/\/feelthenature.fi\/de\/wp-json\/wp\/v2\/pages\/9623\/revisions"}],"wp:attachment":[{"href":"https:\/\/feelthenature.fi\/de\/wp-json\/wp\/v2\/media?parent=9623"}],"curies":[{"name":"wp","href":"https:\/\/api.w.org\/{rel}","templated":true}]}}