{"id":11726,"date":"2017-03-28T20:57:08","date_gmt":"2017-03-28T18:57:08","guid":{"rendered":"https:\/\/feelthenature.fi\/feel-nature-ist-spezialisiert-auf-tagesausfluege-und-aktivurlaub-der-finnischen-natur-der-helsinki-region-und-lappland-copy\/"},"modified":"2017-03-28T21:25:51","modified_gmt":"2017-03-28T19:25:51","slug":"feel-nature-ist-spezialisiert-auf-tagesausfluege-und-aktivurlaub-der-finnischen-natur-der-helsinki-region-und-lappland-copy","status":"publish","type":"page","link":"https:\/\/feelthenature.fi\/de\/","title":{"rendered":"Feel The Nature ist  spezialisiert auf Tagesausfl\u00fcge und Aktivurlaub in der finnischen Natur der Helsinki Region und Lappland"},"content":{"rendered":"<p><img loading=\"lazy\" decoding=\"async\" class=\"noborder alignleft wp-image-5965\" src=\"https:\/\/feelthenature.fi\/wp-content\/uploads\/2014\/04\/feel-the-nature-logolarge-green.png\" alt=\"Feel The Nature Treks - Nuuksio, Lapland\" width=\"206\" height=\"131\" data-id=\"5965\" srcset=\"https:\/\/feelthenature.fi\/wp-content\/uploads\/2014\/04\/feel-the-nature-logolarge-green.png 900w, https:\/\/feelthenature.fi\/wp-content\/uploads\/2014\/04\/feel-the-nature-logolarge-green-350x223.png 350w, https:\/\/feelthenature.fi\/wp-content\/uploads\/2014\/04\/feel-the-nature-logolarge-green-300x191.png 300w, https:\/\/feelthenature.fi\/wp-content\/uploads\/2014\/04\/feel-the-nature-logolarge-green-768x489.png 768w, https:\/\/feelthenature.fi\/wp-content\/uploads\/2014\/04\/feel-the-nature-logolarge-green-624x397.png 624w\" sizes=\"auto, (max-width: 206px) 100vw, 206px\" \/> <em><strong>Feel The Nature ist eine finnische Reiseveranstalter spezialisiert auf Tagesausfl\u00fcge und Aktivurlaub in der finnischen Natur der Helsinki Region und Lappland.<\/strong><\/em><\/p>\n<p>&nbsp;<\/p>\n<h1 id=\"Nuuksio\">Tagesausfl\u00fcge von Helsinki nach Nuuksio National Park<\/h1>\n<p>Nuuksio National Park ist ein au\u00dfergew\u00f6hnliches Naturschutzgebiet ganz in der N\u00e4he von Helsinki. Die Reisen beinhalten den Transport von Helsinki Zentrum und die professionelle F\u00fchrung auf Englisch. Dauer der Ausfl\u00fcge ist ungef\u00e4hr 5 Stunden ( inklusive Transport ). Wir bieten auch Privatfahrten f\u00fcr Gruppen auf Anfrage mit F\u00fchrung in deutscher Sprache. Ein Besuch in der finnischen Naturzentrum Haltia kann in die Programme einbezogen werden.<\/p>\n<p>&nbsp;<\/p>\n<h2 class=\"entry-title\"><a href=\"\/de\/winter-und-schneeschuhwanderungen-im-nuuksio-nationalpark\/\">Winter- und Schneeschuhwanderungen im Nuuksio Nationalpark<\/a><\/h2>\n<p><a href=\"\/de\/winter-und-schneeschuhwanderungen-im-nuuksio-nationalpark\/\"><img loading=\"lazy\" decoding=\"async\" class=\"alignleft size-medium wp-image-6655\" src=\"\/wp-content\/uploads\/2013\/05\/snowshoe-7-300x200.jpg\" alt=\"Winter- und Schneeschuhwanderungen im Nuuksio Nationalpark\" width=\"300\" height=\"200\" data-id=\"6655\" \/><\/a>Erleben Sie Natur pur und den Zauber des finnischen Winters bei unseren gef\u00fchrten Winterwanderungen im wundersch\u00f6nen Nuuksio Nationalpark in der N\u00e4he von Helsinki. Die winterlichen Ausfl\u00fcge f\u00fchren Sie durch schneebedeckte W\u00e4lder und gefahrlos auf zugefrorene Seen.<\/p>\n<p>Unsere Ausfl\u00fcge finden in kleinen Gruppen bis zu 8 Personen statt, so dass unser F\u00fchrer gut auf jeden einzeln eingehen kann und Sie die finnische Natur in Ruhe und ganz pers\u00f6nlich kennenlernen k\u00f6nnen. <a href=\"\/de\/winter-und-schneeschuhwanderungen-im-nuuksio-nationalpark\/\">Waiterlesen&#8230;<\/a><\/p>\n<p>&nbsp;<\/p>\n<h2><a href=\"\/de\/finnland-aktiv-kanuabenteuer-in-finnischer-natur\/\">Finnland aktiv: Kanuabenteuer in finnischer Natur <\/a><\/h2>\n<p><a href=\"\/de\/finnland-aktiv-kanuabenteuer-in-finnischer-natur\/\"><img loading=\"lazy\" decoding=\"async\" class=\"alignleft wp-image-5823 size-medium\" title=\"Kanuabenteuer im Nuuksio Nationalpark\" src=\"\/wp-content\/uploads\/2014\/11\/Wilderness-Canoeing-Adventure-in-Nuuksio-National-Park-2-800-600x400-300x199.jpg\" alt=\"Kanuabenteuer in Finland\" width=\"300\" height=\"199\" data-id=\"5823\" \/><\/a>Nuuksio Nationalpark ist ein bemerkenswertes Naturschutzgebiet in der Region Helsinki, mit einer faszinierenden Artenvielfalt, unter anderem einer gro\u00dfen Population des europ\u00e4ischen Gleith\u00f6rnchens. Diese entspannte Kanutour bringt Sie zu den malerischen Seen und stillen W\u00e4ldern von Nuuksio.<\/p>\n<p><a href=\"\/de\/finnland-aktiv-kanuabenteuer-in-finnischer-natur\/\">Waiterlesen&#8230;<\/a><\/p>\n<p>&nbsp;<\/p>\n<h2>Naturwanderungen, Beeren pfl\u00fccken und Pilze sammeln im Nuuksio Nationalark<\/h2>\n<p><img loading=\"lazy\" decoding=\"async\" class=\"alignleft wp-image-5791 \" src=\"https:\/\/feelthenature.fi\/wp-content\/uploads\/2014\/11\/IMG_1331-mustikka-closeup.jpg\" alt=\" Heidelbeere pfl\u00fccken in Nuuksio\" width=\"297\" height=\"198\" data-id=\"5791\" srcset=\"https:\/\/feelthenature.fi\/wp-content\/uploads\/2014\/11\/IMG_1331-mustikka-closeup.jpg 600w, https:\/\/feelthenature.fi\/wp-content\/uploads\/2014\/11\/IMG_1331-mustikka-closeup-350x233.jpg 350w\" sizes=\"auto, (max-width: 297px) 100vw, 297px\" \/>Eine gef\u00fchrte Wanderung ist eine gute M\u00f6glichkeit die finnische Natur zu entdecken &#8211; Seen, W\u00e4lder und saubere Luft. Juli bis Oktober k\u00f6nnen wir Beeren pfl\u00fccken und Pilzen im Wald sammeln. W\u00e4hrend der Pause genie\u00dfen wir Kaffee und Kuchen am Lagerfeuer. Im Winter wandern wir mit Schneeschuhen in den Winterwald und auf zugefrorenen Seen.<\/p>\n<p><a title=\"Nature Walks and Hiking Trips in Nuuksio National Park\" href=\"\/en\/nature-walks-and-hiking-trips-in-nuuksio-national-park\/\">Weitere Informationen auf Englisch<\/a><\/p>\n<p>&nbsp;<\/p>\n<h2>Finnische Sauna am Waldsee im Nuuksio<\/h2>\n<p><img loading=\"lazy\" decoding=\"async\" class=\"alignleft wp-image-3311\" src=\"\/wp-content\/uploads\/2013\/12\/DSC_5537-sauna-ikkuna-600-300x198.jpeg\" alt=\"Finnish sauna by the lake\" width=\"257\" height=\"170\" data-id=\"3311\" \/>Wir erw\u00e4rmen die Sauna zusammen und lernen was die Sauna f\u00fcr die Finnen bedeutet. Vor der Sauna erleben Sie einen traditionellen Sommertag am See ; Sie k\u00f6nnen rudern oder paddeln mit dem Kajak. Genie\u00dfen Sie die wohltuende W\u00e4rme in unserer Finnischen Sauna und schwimmen Sie im Waldsee. Nach der Sauna k\u00f6nnen Sie entspannen und gutes Essen am Lagerfeuer genie\u00dfen.<\/p>\n<p><a title=\" Finnish Lakeside Sauna Experience in Nuuksio National Park\" href=\"\/en\/finnish-lakeside-sauna-experience-by-nuuksio-national-park\/\">Weitere Informationen auf Englisch <\/a><\/p>\n<p>&nbsp;<\/p>\n<h1 id=\"Lapland\">Aktivurlaub in Lappland, Pallas-Yll\u00e4stunturi Nationalpark<\/h1>\n<p>Erleben Sie die uralte Magie Lapplands! Aktivit\u00e4t Wochenprogramme f\u00fchren uns durch Pallas- Yll\u00e4stunturi Nationalpark, Europas letzte unber\u00fchrte Wildnis.<\/p>\n<h2>Schi- und Schneeschuh Wanderwochen im finnischen Winterwunderland Lappland<\/h2>\n<p><img loading=\"lazy\" decoding=\"async\" class=\"alignleft size-medium wp-image-6492\" src=\"\/wp-content\/uploads\/2014\/05\/IMG_4024-skiing-in-forests-300x200.jpg\" alt=\"Ski Tour Rauhala-Pallas-Hetta\" width=\"300\" height=\"200\" data-id=\"6492\" \/><\/p>\n<p>Mittwinter in Lappland ist die Zeit der schneebedeckte gefrorene B\u00e4ume in den spektakul\u00e4ren Farben der Polarlichter. Die Umgebung von Pallas- Yll\u00e4stunturi Nationalpark ist ideal f\u00fcr die Besichtigung dieser Magie. Sp\u00e4twinter bietet Ihnen lange Sonnentage und perfekten Schnee. Die entspannte und malerische Touren f\u00fchren uns von H\u00fctte zu H\u00fctte in der Natur. Nach einem lebhaften Tag im Freien, genie\u00dfen wir traditionelle Sauna und leckeres Abendessen.<\/p>\n<p>Lesen Sie mehr \u00fcber die Programme auf Englisch :<\/p>\n<ul>\n<li><a title=\" Ski Tour Week Rauhala-Pallas-Hetta 150 km\" href=\"\/en\/ski-tour-week-rauhala-pallas-hetta-150-km\/\">Schitourenwoche\u00a0Rauhala-Palla-Hetta 150km<\/a>.<\/li>\n<li><a title=\" Ski Tour Week Yll\u00e4s-Pallas-Hetta 250 km\" href=\"\/en\/ski-tour-week-yllas-pallas-hetta-250-km\/\">Schitourenwoche Yll\u00e4s-Pallas-Hetta 250km<\/a>.<\/li>\n<li><a title=\"Midwinter Ski Tour in Pallas-Yll\u00e4stunturi National Park\" href=\"\/en\/midwinter-ski-tour-in-pallas-yllastunturi-national-park\/\">Mittwinter Schitourenwoche im Pallas- Yll\u00e4stunturi Nationalpark<\/a><\/li>\n<li><a title=\" Snowshoe Tour Week in Lapland \" href=\"\/en\/snowshoe-tour-week-in-lapland-in-the-land-of-the-northern-lights\/\">Schneeschuh Wanderwoche in Lappland &#8211; im Land der Nordlichter<\/a><\/li>\n<\/ul>\n<p>&nbsp;<\/p>\n<h2>Sommer und Herbst Programme in Lappland<\/h2>\n<p><img loading=\"lazy\" decoding=\"async\" class=\"alignleft size-medium wp-image-5918\" src=\"\/wp-content\/uploads\/2014\/11\/IMG_2364-ruskapallas-450-600x400-300x200.jpg\" alt=\"Wandern in Lappland\" width=\"300\" height=\"200\" data-id=\"5918\" \/>Im Sommer und im Herbstzeit k\u00f6nnen Sie\u00a0 auf wundersch\u00f6nen Seen und wilden Fl\u00fcssen Kanufahren oder auch Wandern und Mountainbiken tief in den W\u00e4ldern Lapplands. Nach dem kurzen arktischen Sommer, der Herbst kommt mit lebendigen Blattfarben &#8222;Ruska-Zeit&#8220;. Die n\u00f6rdlichen Landschaften werden in spektakul\u00e4ren Farben wie orange, gelb und rot bemalt.<\/p>\n<p>Lesen Sie mehr \u00fcber die Programme auf Englisch :<\/p>\n<p>&nbsp;<\/p>\n<ul>\n<li><a title=\"Autumn Adventures in Fell Lapland\" href=\"\/en\/autumn-adventures-in-fell-lapland-canoeing-mountainbiking-and-hiking\/\">Herbst- Abenteuer in Lappland &#8211; Kanufahren, Mountainbiken und Wandern<\/a><\/li>\n<li><a title=\"Canoeing Week in Fell Lapland\" href=\"\/en\/canoeing-week-in-fell-lapland\/\">Kanuwoche in Fell Lappland<\/a><\/li>\n<li><a title=\"Hiking Week in Fell Lapland\" href=\"\/en\/hiking-week-in-fell-lapland\/\">Wanderwoche in Fell Lappland<\/a><\/li>\n<li><a title=\"Activity Week in Fell Lapland \" href=\"\/en\/activity-week-in-fell-lapland-canoening-mountainbiking-and-hiking\/\">Aktivwoche in Lappland &#8211; Kanufahren, Mountainbiken und Wandern<\/a><\/li>\n<\/ul>\n<p>Hier k\u00f6nnen Sie uns eine Nachricht senden, auf die wir schnellstm\u00f6glich antworten werden. (Bitte in englisch )<\/p>\n\n<div class=\"wpcf7 no-js\" id=\"wpcf7-f705-o1\" lang=\"en-US\" dir=\"ltr\" data-wpcf7-id=\"705\">\n<div class=\"screen-reader-response\"><p role=\"status\" aria-live=\"polite\" aria-atomic=\"true\"><\/p> <ul><\/ul><\/div>\n<form action=\"\/de\/wp-json\/wp\/v2\/pages\/11726#wpcf7-f705-o1\" method=\"post\" class=\"wpcf7-form init\" aria-label=\"Contact form\" novalidate=\"novalidate\" data-status=\"init\">\n<fieldset class=\"hidden-fields-container\"><input type=\"hidden\" name=\"_wpcf7\" value=\"705\" \/><input type=\"hidden\" name=\"_wpcf7_version\" value=\"6.1.5\" \/><input type=\"hidden\" name=\"_wpcf7_locale\" value=\"en_US\" \/><input type=\"hidden\" name=\"_wpcf7_unit_tag\" value=\"wpcf7-f705-o1\" \/><input type=\"hidden\" name=\"_wpcf7_container_post\" value=\"0\" \/><input type=\"hidden\" name=\"_wpcf7_posted_data_hash\" value=\"\" \/><input type=\"hidden\" name=\"_wpcf7dtx_version\" value=\"5.0.5\" \/><input type=\"hidden\" name=\"_wpcf7_recaptcha_response\" value=\"\" \/>\n<\/fieldset>\n<div class=\"dontprint contact-form\">\n\t<h2 id=\"ask\">Ask for more information<a class=\"back-to-top\" href=\"#top\">back to top<\/a>\n\t<\/h2>\n\t<table><span id=\"wpcf7-69e870c884aef-wrapper\" class=\"wpcf7-form-control-wrap additionalinfo-wrap\" style=\"display:none !important; visibility:hidden !important;\"><label for=\"wpcf7-69e870c884aef-field\" class=\"hp-message\">Please leave this field empty.<\/label><input id=\"wpcf7-69e870c884aef-field\"  class=\"wpcf7-form-control wpcf7-text\" type=\"text\" name=\"additionalinfo\" value=\"\" size=\"40\" tabindex=\"-1\" autocomplete=\"new-password\" \/><\/span>\n\t\t<tr>\n\t\t\t<td>\n\t\t\t\t<p>Name:*\n\t\t\t\t<\/p>\n\t\t\t<\/td>\n\t\t\t<td>\n\t\t\t\t<p><span class=\"wpcf7-form-control-wrap\" data-name=\"your-name\"><input size=\"40\" maxlength=\"400\" class=\"wpcf7-form-control wpcf7-text wpcf7-validates-as-required\" aria-required=\"true\" aria-invalid=\"false\" value=\"\" type=\"text\" name=\"your-name\" \/><\/span>\n\t\t\t\t<\/p>\n\t\t\t<\/td>\n\t\t<\/tr>\n\t\t<tr>\n\t\t\t<td>\n\t\t\t\t<p>Email:*\n\t\t\t\t<\/p>\n\t\t\t<\/td>\n\t\t\t<td>\n\t\t\t\t<p><span class=\"wpcf7-form-control-wrap\" data-name=\"your-email\"><input size=\"40\" maxlength=\"400\" class=\"wpcf7-form-control wpcf7-text wpcf7-validates-as-required\" aria-required=\"true\" aria-invalid=\"false\" value=\"\" type=\"text\" name=\"your-email\" \/><\/span>\n\t\t\t\t<\/p>\n\t\t\t<\/td>\n\t\t<\/tr>\n\t\t<tr>\n\t\t\t<td>\n\t\t\t\t<p>Phone:\n\t\t\t\t<\/p>\n\t\t\t<\/td>\n\t\t\t<td>\n\t\t\t\t<p><span class=\"wpcf7-form-control-wrap\" data-name=\"your-phone\"><input size=\"40\" maxlength=\"400\" class=\"wpcf7-form-control wpcf7-text\" aria-invalid=\"false\" value=\"\" type=\"text\" name=\"your-phone\" \/><\/span>\n\t\t\t\t<\/p>\n\t\t\t<\/td>\n\t\t<\/tr>\n\t\t<tr>\n\t\t\t<td colspan=\"2\">\n\t\t\t\t<p>Message: *\n\t\t\t\t<\/p>\n\t\t\t\t<p><span class=\"wpcf7-form-control-wrap\" data-name=\"your-message\"><textarea cols=\"60\" rows=\"5\" maxlength=\"2000\" class=\"wpcf7-form-control wpcf7-textarea wpcf7-validates-as-required\" aria-required=\"true\" aria-invalid=\"false\" name=\"your-message\"><\/textarea><\/span>\n\t\t\t\t<\/p>\n\t\t\t<\/td>\n\t\t<\/tr>\n\t\t<tr>\n\t\t\t<td colspan=\"2\">\n\t\t\t\t<p><input class=\"wpcf7-form-control wpcf7-submit has-spinner\" type=\"submit\" value=\"Send\" \/>\n\t\t\t\t<\/p>\n\t\t\t<\/td>\n\t\t<\/tr>\n\t<\/table>\n<span class=\"wpcf7-form-control-wrap pagetitle\" data-name=\"pagetitle\"><input type=\"hidden\" name=\"pagetitle\" class=\"wpcf7-form-control wpcf7-hidden wpcf7dtx wpcf7dtx-hidden\" aria-invalid=\"false\" value=\"Feel The Nature ist spezialisiert auf Tagesausfl\u00fcge und Aktivurlaub in der finnischen Natur der Helsinki Region und Lappland\"><\/span>\n<span class=\"wpcf7-form-control-wrap pageurl\" data-name=\"pageurl\"><input type=\"hidden\" name=\"pageurl\" class=\"wpcf7-form-control wpcf7-hidden wpcf7dtx wpcf7dtx-hidden\" aria-invalid=\"false\" value=\"https:\/\/feelthenature.fi\/de\/wp-json\/wp\/v2\/pages\/11726\"><\/span>\n<span class=\"wpcf7-form-control-wrap language\" data-name=\"language\"><input type=\"hidden\" name=\"language\" class=\"wpcf7-form-control wpcf7-hidden wpcf7dtx wpcf7dtx-hidden\" aria-invalid=\"false\" value=\"en-US\"><\/span>\n<\/div><div class=\"wpcf7-response-output\" aria-hidden=\"true\"><\/div>\n<\/form>\n<\/div>\n\n","protected":false},"excerpt":{"rendered":"<p>Feel The Nature ist eine finnische Reiseveranstalter spezialisiert auf Tagesausfl\u00fcge und Aktivurlaub in der finnischen Natur der Helsinki Region und Lappland. &nbsp; Tagesausfl\u00fcge von Helsinki nach Nuuksio National Park Nuuksio National Park ist ein au\u00dfergew\u00f6hnliches Naturschutzgebiet ganz in der N\u00e4he von Helsinki. Die Reisen beinhalten den Transport von Helsinki Zentrum und die professionelle F\u00fchrung auf &hellip; <\/p>\n<p class=\"link-more\"><a href=\"https:\/\/feelthenature.fi\/de\/\" class=\"more-link\"><span class=\"screen-reader-text\">\u201eFeel The Nature ist  spezialisiert auf Tagesausfl\u00fcge und Aktivurlaub in der finnischen Natur der Helsinki Region und Lappland\u201c<\/span> weiterlesen<\/a><a href=\"https:\/\/feelthenature.fi\/de\/\"> Read More<\/a><\/p>\n","protected":false},"author":1,"featured_media":0,"parent":0,"menu_order":0,"comment_status":"closed","ping_status":"closed","template":"","meta":{"footnotes":""},"class_list":["post-11726","page","type-page","status-publish","hentry"],"yoast_head":"<!-- This site is optimized with the Yoast SEO plugin v26.7 - https:\/\/yoast.com\/wordpress\/plugins\/seo\/ -->\n<title>Feel The Nature ist spezialisiert auf Tagesausfl\u00fcge und Aktivurlaub in der finnischen Natur der Helsinki Region und Lappland - Feel The Nature<\/title>\n<meta name=\"description\" content=\"Feel The Nature ist eine finnische Reiseveranstalte spezialisiert auf Tagesausfl\u00fcge und Aktivurlaub in der finnischen Natur der Helsinki Region und Lappland\" \/>\n<meta name=\"robots\" content=\"index, follow, max-snippet:-1, max-image-preview:large, max-video-preview:-1\" \/>\n<link rel=\"canonical\" href=\"https:\/\/feelthenature.fi\/de\/\" \/>\n<meta property=\"og:locale\" content=\"de_DE\" \/>\n<meta property=\"og:type\" content=\"article\" \/>\n<meta property=\"og:title\" content=\"Feel The Nature ist spezialisiert auf Tagesausfl\u00fcge und Aktivurlaub in der finnischen Natur der Helsinki Region und Lappland - Feel The Nature\" \/>\n<meta property=\"og:description\" content=\"Feel The Nature ist eine finnische Reiseveranstalte spezialisiert auf Tagesausfl\u00fcge und Aktivurlaub in der finnischen Natur der Helsinki Region und Lappland\" \/>\n<meta property=\"og:url\" content=\"https:\/\/feelthenature.fi\/de\/\" \/>\n<meta property=\"og:site_name\" content=\"Feel The Nature\" \/>\n<meta property=\"article:modified_time\" content=\"2017-03-28T19:25:51+00:00\" \/>\n<meta property=\"og:image\" content=\"https:\/\/feelthenature.fi\/wp-content\/uploads\/2014\/04\/feel-the-nature-logolarge-green-300x191.png\" \/>\n<meta name=\"twitter:card\" content=\"summary_large_image\" \/>\n<meta name=\"twitter:label1\" content=\"Gesch\u00e4tzte Lesezeit\" \/>\n\t<meta name=\"twitter:data1\" content=\"3\u00a0Minuten\" \/>\n<script type=\"application\/ld+json\" class=\"yoast-schema-graph\">{\"@context\":\"https:\/\/schema.org\",\"@graph\":[{\"@type\":\"WebPage\",\"@id\":\"https:\/\/feelthenature.fi\/de\/\",\"url\":\"https:\/\/feelthenature.fi\/de\/\",\"name\":\"Feel The Nature ist spezialisiert auf Tagesausfl\u00fcge und Aktivurlaub in der finnischen Natur der Helsinki Region und Lappland - Feel The Nature\",\"isPartOf\":{\"@id\":\"https:\/\/feelthenature.fi\/en\/#website\"},\"primaryImageOfPage\":{\"@id\":\"https:\/\/feelthenature.fi\/de\/#primaryimage\"},\"image\":{\"@id\":\"https:\/\/feelthenature.fi\/de\/#primaryimage\"},\"thumbnailUrl\":\"https:\/\/feelthenature.fi\/wp-content\/uploads\/2014\/04\/feel-the-nature-logolarge-green.png\",\"datePublished\":\"2017-03-28T18:57:08+00:00\",\"dateModified\":\"2017-03-28T19:25:51+00:00\",\"description\":\"Feel The Nature ist eine finnische Reiseveranstalte spezialisiert auf Tagesausfl\u00fcge und Aktivurlaub in der finnischen Natur der Helsinki Region und Lappland\",\"breadcrumb\":{\"@id\":\"https:\/\/feelthenature.fi\/de\/#breadcrumb\"},\"inLanguage\":\"de\",\"potentialAction\":[{\"@type\":\"ReadAction\",\"target\":[\"https:\/\/feelthenature.fi\/de\/\"]}]},{\"@type\":\"ImageObject\",\"inLanguage\":\"de\",\"@id\":\"https:\/\/feelthenature.fi\/de\/#primaryimage\",\"url\":\"https:\/\/feelthenature.fi\/wp-content\/uploads\/2014\/04\/feel-the-nature-logolarge-green.png\",\"contentUrl\":\"https:\/\/feelthenature.fi\/wp-content\/uploads\/2014\/04\/feel-the-nature-logolarge-green.png\"},{\"@type\":\"BreadcrumbList\",\"@id\":\"https:\/\/feelthenature.fi\/de\/#breadcrumb\",\"itemListElement\":[{\"@type\":\"ListItem\",\"position\":1,\"name\":\"Etusivu\",\"item\":\"https:\/\/feelthenature.fi\/de\/\"},{\"@type\":\"ListItem\",\"position\":2,\"name\":\"Feel The Nature ist spezialisiert auf Tagesausfl\u00fcge und Aktivurlaub in der finnischen Natur der Helsinki Region und Lappland\"}]},{\"@type\":\"WebSite\",\"@id\":\"https:\/\/feelthenature.fi\/en\/#website\",\"url\":\"https:\/\/feelthenature.fi\/en\/\",\"name\":\"Feel The Nature\",\"description\":\"\",\"potentialAction\":[{\"@type\":\"SearchAction\",\"target\":{\"@type\":\"EntryPoint\",\"urlTemplate\":\"https:\/\/feelthenature.fi\/en\/?s={search_term_string}\"},\"query-input\":{\"@type\":\"PropertyValueSpecification\",\"valueRequired\":true,\"valueName\":\"search_term_string\"}}],\"inLanguage\":\"de\"}]}<\/script>\n<!-- \/ Yoast SEO plugin. -->","yoast_head_json":{"title":"Feel The Nature ist spezialisiert auf Tagesausfl\u00fcge und Aktivurlaub in der finnischen Natur der Helsinki Region und Lappland - Feel The Nature","description":"Feel The Nature ist eine finnische Reiseveranstalte spezialisiert auf Tagesausfl\u00fcge und Aktivurlaub in der finnischen Natur der Helsinki Region und Lappland","robots":{"index":"index","follow":"follow","max-snippet":"max-snippet:-1","max-image-preview":"max-image-preview:large","max-video-preview":"max-video-preview:-1"},"canonical":"https:\/\/feelthenature.fi\/de\/","og_locale":"de_DE","og_type":"article","og_title":"Feel The Nature ist spezialisiert auf Tagesausfl\u00fcge und Aktivurlaub in der finnischen Natur der Helsinki Region und Lappland - Feel The Nature","og_description":"Feel The Nature ist eine finnische Reiseveranstalte spezialisiert auf Tagesausfl\u00fcge und Aktivurlaub in der finnischen Natur der Helsinki Region und Lappland","og_url":"https:\/\/feelthenature.fi\/de\/","og_site_name":"Feel The Nature","article_modified_time":"2017-03-28T19:25:51+00:00","og_image":[{"url":"https:\/\/feelthenature.fi\/wp-content\/uploads\/2014\/04\/feel-the-nature-logolarge-green-300x191.png","type":"","width":"","height":""}],"twitter_card":"summary_large_image","twitter_misc":{"Gesch\u00e4tzte Lesezeit":"3\u00a0Minuten"},"schema":{"@context":"https:\/\/schema.org","@graph":[{"@type":"WebPage","@id":"https:\/\/feelthenature.fi\/de\/","url":"https:\/\/feelthenature.fi\/de\/","name":"Feel The Nature ist spezialisiert auf Tagesausfl\u00fcge und Aktivurlaub in der finnischen Natur der Helsinki Region und Lappland - Feel The Nature","isPartOf":{"@id":"https:\/\/feelthenature.fi\/en\/#website"},"primaryImageOfPage":{"@id":"https:\/\/feelthenature.fi\/de\/#primaryimage"},"image":{"@id":"https:\/\/feelthenature.fi\/de\/#primaryimage"},"thumbnailUrl":"https:\/\/feelthenature.fi\/wp-content\/uploads\/2014\/04\/feel-the-nature-logolarge-green.png","datePublished":"2017-03-28T18:57:08+00:00","dateModified":"2017-03-28T19:25:51+00:00","description":"Feel The Nature ist eine finnische Reiseveranstalte spezialisiert auf Tagesausfl\u00fcge und Aktivurlaub in der finnischen Natur der Helsinki Region und Lappland","breadcrumb":{"@id":"https:\/\/feelthenature.fi\/de\/#breadcrumb"},"inLanguage":"de","potentialAction":[{"@type":"ReadAction","target":["https:\/\/feelthenature.fi\/de\/"]}]},{"@type":"ImageObject","inLanguage":"de","@id":"https:\/\/feelthenature.fi\/de\/#primaryimage","url":"https:\/\/feelthenature.fi\/wp-content\/uploads\/2014\/04\/feel-the-nature-logolarge-green.png","contentUrl":"https:\/\/feelthenature.fi\/wp-content\/uploads\/2014\/04\/feel-the-nature-logolarge-green.png"},{"@type":"BreadcrumbList","@id":"https:\/\/feelthenature.fi\/de\/#breadcrumb","itemListElement":[{"@type":"ListItem","position":1,"name":"Etusivu","item":"https:\/\/feelthenature.fi\/de\/"},{"@type":"ListItem","position":2,"name":"Feel The Nature ist spezialisiert auf Tagesausfl\u00fcge und Aktivurlaub in der finnischen Natur der Helsinki Region und Lappland"}]},{"@type":"WebSite","@id":"https:\/\/feelthenature.fi\/en\/#website","url":"https:\/\/feelthenature.fi\/en\/","name":"Feel The Nature","description":"","potentialAction":[{"@type":"SearchAction","target":{"@type":"EntryPoint","urlTemplate":"https:\/\/feelthenature.fi\/en\/?s={search_term_string}"},"query-input":{"@type":"PropertyValueSpecification","valueRequired":true,"valueName":"search_term_string"}}],"inLanguage":"de"}]}},"_links":{"self":[{"href":"https:\/\/feelthenature.fi\/de\/wp-json\/wp\/v2\/pages\/11726","targetHints":{"allow":["GET"]}}],"collection":[{"href":"https:\/\/feelthenature.fi\/de\/wp-json\/wp\/v2\/pages"}],"about":[{"href":"https:\/\/feelthenature.fi\/de\/wp-json\/wp\/v2\/types\/page"}],"author":[{"embeddable":true,"href":"https:\/\/feelthenature.fi\/de\/wp-json\/wp\/v2\/users\/1"}],"replies":[{"embeddable":true,"href":"https:\/\/feelthenature.fi\/de\/wp-json\/wp\/v2\/comments?post=11726"}],"version-history":[{"count":0,"href":"https:\/\/feelthenature.fi\/de\/wp-json\/wp\/v2\/pages\/11726\/revisions"}],"wp:attachment":[{"href":"https:\/\/feelthenature.fi\/de\/wp-json\/wp\/v2\/media?parent=11726"}],"curies":[{"name":"wp","href":"https:\/\/api.w.org\/{rel}","templated":true}]}}